{"id":94990,"date":"2020-02-12T13:57:42","date_gmt":"2020-02-12T12:57:42","guid":{"rendered":"https:\/\/www.omsag.de\/?page_id=94990"},"modified":"2023-05-24T11:29:41","modified_gmt":"2023-05-24T09:29:41","slug":"cookie-tracking","status":"publish","type":"page","link":"https:\/\/www.omsag.de\/proxy\/wissen\/downloads\/cookie-tracking\/","title":{"rendered":"Cookie Tracking"},"content":{"rendered":"<div class=\"wpb-content-wrapper\">[mk_page_section bg_image=&#8220;https:\/\/www.omsag.de\/proxy\/wp-content\/uploads\/2020\/02\/mockup-cookies-header.png&#8220; bg_position=&#8220;center center&#8220; bg_repeat=&#8220;no-repeat&#8220; bg_stretch=&#8220;true&#8220; min_height=&#8220;221&#8243; full_width=&#8220;true&#8220; has_bottom_shape_divider=&#8220;true&#8220; sidebar=&#8220;sidebar-1&#8243;][vc_column][\/vc_column][\/mk_page_section][mk_page_section bg_color=&#8220;#ffffff&#8220; padding_top=&#8220;50&#8243; padding_bottom=&#8220;0&#8243; sidebar=&#8220;sidebar-1&#8243;][vc_column width=&#8220;1\/12&#8243;][\/vc_column][vc_column width=&#8220;10\/12&#8243;][vc_row_inner][vc_column_inner][vc_raw_html]JTNDcCUyMGNsYXNzJTNEJTIyc2VjdGlvbi1oZWFkaW5nJTIyJTNFJTBBJTIwJTIwJTIwJTIwJTIwJTIwJTIwJTIwJTIwJTIwJTIwJTIwJTIwJTIwJTIwJTIwJTIwJTIwJTIwJTIwJTNDc3BhbiUzRTAxLiUzQyUyRnNwYW4lM0UlMjBEYXRlbnNjaHV0eiUyMHRyaWZmdCUyME1hcmtldGluZyUzQSUyMCUyMCUyMCUyMCUyMCUyMCUyMCUyMCUyMCUyMCUyMCUyMCUyMCUyMCUyMCUwQSUyMCUyMCUyMCUyMCUyMCUyMCUyMCUyMCUyMCUyMCUyMCUyMCUyMCUyMCUyMCUyMCUzQyUyRnAlM0U=[\/vc_raw_html][vc_custom_heading text=&#8220;So gestalten Sie Online-Marketing ohne Cookies&#8220; font_container=&#8220;tag:h2|font_size:48px|text_align:left|color:%23363d41&#8243; google_fonts=&#8220;font_family:Open%20Sans%3A300%2C300italic%2Cregular%2Citalic%2C600%2C600italic%2C700%2C700italic%2C800%2C800italic|font_style:800%20bold%20regular%3A800%3Anormal&#8220; el_class=&#8220;oms_hd&#8220;][vc_column_text css=&#8220;.vc_custom_1675335808969{margin-bottom: 0px !important;}&#8220;]In dieser Case Study untersuchen wir die Auswirkungen des EuGH-Urteils auf das Online-Marketing und zeigen Ihnen, wie wir erfolgreich ein datenschutzkonformes Marketing ohne Cookies umsetzen. Wir pr\u00e4sentieren unsere Ans\u00e4tze und L\u00f6sungen, damit auch Sie Ihr Online-Marketing gewinnbringend fortf\u00fchren k\u00f6nnen, ohne auf wichtige Daten zu verzichten.[\/vc_column_text][vc_empty_space height=&#8220;52px&#8220;][\/vc_column_inner][\/vc_row_inner][\/vc_column][vc_column width=&#8220;1\/12&#8243;][\/vc_column][\/mk_page_section][vc_row css=&#8220;.vc_custom_1574683317716{padding-bottom: 70px !important;}&#8220;][vc_column width=&#8220;1\/12&#8243;][\/vc_column][vc_column width=&#8220;10\/12&#8243;][vc_row_inner el_class=&#8220;shadow&#8220;][vc_column_inner width=&#8220;1\/2&#8243; css=&#8220;.vc_custom_1574679116948{margin-bottom: 0px !important;padding-top: 0px !important;padding-right: 0px !important;padding-bottom: 0px !important;padding-left: 0px !important;background-color: #353d42 !important;}&#8220;][vc_single_image image=&#8220;95003&#8243; img_size=&#8220;full&#8220; alignment=&#8220;center&#8220; css=&#8220;.vc_custom_1581953061622{margin-top: 0px !important;margin-right: 0px !important;margin-bottom: 40px !important;margin-left: 0px !important;}&#8220;][mk_custom_list style=&#8220;mk-moon-play-2&#8243; el_class=&#8220;paddingleft33&#8243;]\n<ul>\n<li>Fordern Sie jetzt unser kostenloses Whitepaper an und lernen Sie, welche wichtige Rolle Cookies im Online Marketing spielen und was Sie beachten m\u00fcssen.<\/li>\n<\/ul>\n[\/mk_custom_list][vc_column_text css=&#8220;.vc_custom_1614956832978{margin-bottom: 0px !important;padding-right: 25px !important;padding-left: 25px !important;}&#8220;]\n<h3><img loading=\"lazy\" decoding=\"async\" class=\"wp-image-91280 alignleft\" src=\"https:\/\/www.omsag.de\/proxy\/wp-content\/uploads\/2018\/10\/stefan-schaefer-300x225.png\" alt=\"Stefan Sch\u00e4fer - OMSAG Teamleiter Key Account\" width=\"152\" height=\"114\" \/><span style=\"color: #53a843;\">Stefan Sch\u00e4fer<\/span><\/h3>\n<p>Leitung SEO Key Account<br \/>\n<span class=\"livicon-evo\" data-options=\"name:phone.svg; style:lines; size:20px; strokeColor:#50aa3b; animated:false\"><\/span> +49 6196 780 800<br \/>\n<span class=\"livicon-evo\" data-options=\"name:morph-envelope.svg; style:lines; size:20px; strokeColor:#50aa3b; animated:false\"><\/span> s.schaefer@omsag.de[\/vc_column_text][\/vc_column_inner][vc_column_inner el_class=&#8220;formbreit&#8220; width=&#8220;1\/2&#8243; css=&#8220;.vc_custom_1574688205949{padding-top: 50px !important;padding-right: 30px !important;padding-left: 30px !important;}&#8220;][vc_custom_heading text=&#8220;Online Marketing ohne Cookies \u2013<br \/>\nDie Auswirkungen durch das EuGH Urteil&#8220; font_container=&#8220;tag:h3|font_size:20|text_align:center&#8220; use_theme_fonts=&#8220;yes&#8220; el_id=&#8220;down&#8220; css=&#8220;.vc_custom_1581512349125{margin-bottom: 50px !important;}&#8220;]\n<div class=\"wpcf7 no-js\" id=\"wpcf7-f95002-o1\" lang=\"de-DE\" dir=\"ltr\">\n<div class=\"screen-reader-response\"><p role=\"status\" aria-live=\"polite\" aria-atomic=\"true\"><\/p> <ul><\/ul><\/div>\n<form action=\"\/proxy\/wp-json\/wp\/v2\/pages\/94990#wpcf7-f95002-o1\" method=\"post\" class=\"wpcf7-form init\" aria-label=\"Kontaktformular\" novalidate=\"novalidate\" data-status=\"init\">\n<div style=\"display: none;\">\n<input type=\"hidden\" name=\"_wpcf7\" value=\"95002\" \/>\n<input type=\"hidden\" name=\"_wpcf7_version\" value=\"5.9.5\" \/>\n<input type=\"hidden\" name=\"_wpcf7_locale\" value=\"de_DE\" \/>\n<input type=\"hidden\" name=\"_wpcf7_unit_tag\" value=\"wpcf7-f95002-o1\" \/>\n<input type=\"hidden\" name=\"_wpcf7_container_post\" value=\"0\" \/>\n<input type=\"hidden\" name=\"_wpcf7_posted_data_hash\" value=\"\" \/>\n<input type=\"hidden\" name=\"_wpcf7_recaptcha_response\" value=\"\" \/>\n<\/div>\n<p><label><span class=\"wpcf7-form-control-wrap\" data-name=\"anrede\"><select class=\"wpcf7-form-control wpcf7-select anrede\" id=\"energie\" aria-invalid=\"false\" name=\"anrede\"><option value=\"Bitte w\u00e4hlen\">Bitte w\u00e4hlen<\/option><option value=\"Frau\">Frau<\/option><option value=\"Herr\">Herr<\/option><\/select><\/span><\/label><br \/>\n<label><span class=\"wpcf7-form-control-wrap\" data-name=\"text-88\"><input size=\"40\" class=\"wpcf7-form-control wpcf7-text wpcf7-validates-as-required\" aria-required=\"true\" aria-invalid=\"false\" placeholder=\"Vorname*\" value=\"\" type=\"text\" name=\"text-88\" \/><\/span><\/label><label><span class=\"wpcf7-form-control-wrap\" data-name=\"text-87\"><input size=\"40\" class=\"wpcf7-form-control wpcf7-text wpcf7-validates-as-required\" aria-required=\"true\" aria-invalid=\"false\" placeholder=\"Nachname*\" value=\"\" type=\"text\" name=\"text-87\" \/><\/span><\/label><br \/>\n<label><span class=\"wpcf7-form-control-wrap\" data-name=\"text-89\"><input size=\"40\" class=\"wpcf7-form-control wpcf7-text\" aria-invalid=\"false\" placeholder=\"Firma\" value=\"\" type=\"text\" name=\"text-89\" \/><\/span><\/label><br \/>\n<label><span class=\"wpcf7-form-control-wrap\" data-name=\"email-858\"><input size=\"40\" class=\"wpcf7-form-control wpcf7-email wpcf7-validates-as-required wpcf7-text wpcf7-validates-as-email\" aria-required=\"true\" aria-invalid=\"false\" placeholder=\"E-Mail-Adresse*\" value=\"\" type=\"email\" name=\"email-858\" \/><\/span><\/label>\n<\/p>\n<p><input class=\"wpcf7-form-control wpcf7-submit has-spinner\" id=\"infomaterial\" type=\"submit\" value=\"Download anfordern\" \/>\n<\/p><div class=\"wpcf7-response-output\" aria-hidden=\"true\"><\/div>\n<\/form>\n<\/div>\n[\/vc_column_inner][\/vc_row_inner][\/vc_column][vc_column width=&#8220;1\/12&#8243;][\/vc_column][\/vc_row][mk_page_section bg_image=&#8220;https:\/\/www.omsag.de\/proxy\/wp-content\/uploads\/2018\/06\/test-bg-section1.jpg&#8220; bg_position=&#8220;center center&#8220; bg_repeat=&#8220;no-repeat&#8220; bg_stretch=&#8220;true&#8220; enable_3d=&#8220;true&#8220; video_color_mask=&#8220;#292f37&#8243; video_opacity=&#8220;0.88&#8243; padding_top=&#8220;70&#8243; padding_bottom=&#8220;70&#8243; sidebar=&#8220;sidebar-1&#8243;][vc_column][vc_custom_heading text=&#8220;WAS IHNEN DIESES WHITEPAPER AUFZEIGT&#8220; font_container=&#8220;tag:h2|text_align:center|color:%23ffffff&#8220; use_theme_fonts=&#8220;yes&#8220;][vc_single_image image=&#8220;90452&#8243; img_size=&#8220;full&#8220; alignment=&#8220;center&#8220; css=&#8220;.vc_custom_1574680763313{margin-bottom: 3px !important;}&#8220;][vc_row_inner css=&#8220;.vc_custom_1574680916633{padding-top: 70px !important;}&#8220;][vc_column_inner width=&#8220;1\/3&#8243;][vc_single_image image=&#8220;94603&#8243; img_size=&#8220;70&#215;70&#8243; alignment=&#8220;center&#8220;][vc_custom_heading text=&#8220;Cookies und ihre Funktion&#8220; font_container=&#8220;tag:h4|text_align:center&#8220; use_theme_fonts=&#8220;yes&#8220;][vc_column_text css=&#8220;.vc_custom_1581512026221{margin-bottom: 0px !important;}&#8220;]\n<p style=\"text-align: center;\">Sie erfahren, was Cookies sind, welche Arten es gibt und wof\u00fcr sie verwendet werden.<\/p>\n[\/vc_column_text][\/vc_column_inner][vc_column_inner width=&#8220;1\/3&#8243;][vc_single_image image=&#8220;94604&#8243; img_size=&#8220;70&#215;70&#8243; alignment=&#8220;center&#8220;][vc_custom_heading text=&#8220;Die rechtliche Seite&#8220; font_container=&#8220;tag:h4|text_align:center&#8220; use_theme_fonts=&#8220;yes&#8220;][vc_column_text css=&#8220;.vc_custom_1581512007510{margin-bottom: 0px !important;}&#8220;]\n<p style=\"text-align: center;\">Ein Kommentar der Rechtsanw\u00e4ltin Sabine Heukrodt-Bauer erkl\u00e4rt die aktuelle Rechtslage und liefert Handlungsempfehlungen f\u00fcr Webseitenbetreiber.<\/p>\n[\/vc_column_text][\/vc_column_inner][vc_column_inner width=&#8220;1\/3&#8243;][vc_single_image image=&#8220;94605&#8243; img_size=&#8220;70&#215;70&#8243; alignment=&#8220;center&#8220;][vc_custom_heading text=&#8220;Best-Practice Cookie Banner&#8220; font_container=&#8220;tag:h4|text_align:center&#8220; use_theme_fonts=&#8220;yes&#8220;][vc_column_text css=&#8220;.vc_custom_1581511983977{margin-bottom: 0px !important;}&#8220;]\n<p style=\"text-align: center;\">Auf Grundlage einer Erhebung zeigen wir Ihnen, welche DSGVO-konformen Cookie Banner am besten f\u00fcr Ihr Online Marketing geeignet sind.<\/p>\n[\/vc_column_text][\/vc_column_inner][\/vc_row_inner][\/vc_column][\/mk_page_section][vc_row fullwidth=&#8220;true&#8220; css=&#8220;.vc_custom_1574682058461{padding-top: 50px !important;}&#8220;][vc_column][vc_raw_html]JTVCcGFydG5lci1zbGlkZXIlNUQ=[\/vc_raw_html][\/vc_column][\/vc_row]\n<\/div>","protected":false},"excerpt":{"rendered":"<p>[mk_page_section bg_image=&#8220;https:\/\/www.omsag.de\/proxy\/wp-content\/uploads\/2020\/02\/mockup-cookies-header.png&#8220; bg_position=&#8220;center center&#8220; bg_repeat=&#8220;no-repeat&#8220; bg_stretch=&#8220;true&#8220; min_height=&#8220;221&#8243; full_width=&#8220;true&#8220; has_bottom_shape_divider=&#8220;true&#8220; sidebar=&#8220;sidebar-1&#8243;][vc_column][\/vc_column][\/mk_page_section][mk_page_section bg_color=&#8220;#ffffff&#8220; padding_top=&#8220;50&#8243; padding_bottom=&#8220;0&#8243; sidebar=&#8220;sidebar-1&#8243;][vc_column width=&#8220;1\/12&#8243;][\/vc_column][vc_column width=&#8220;10\/12&#8243;][vc_row_inner][vc_column_inner][vc_raw_html]JTNDcCUyMGNsYXNzJTNEJTIyc2VjdGlvbi1oZWFkaW5nJTIyJTNFJTBBJTIwJTIwJTIwJTIwJTIwJTIwJTIwJTIwJTIwJTIwJTIwJTIwJTIwJTIwJTIwJTIwJTIwJTIwJTIwJTIwJTNDc3BhbiUzRTAxLiUzQyUyRnNwYW4lM0UlMjBEYXRlbnNjaHV0eiUyMHRyaWZmdCUyME1hcmtldGluZyUzQSUyMCUyMCUyMCUyMCUyMCUyMCUyMCUyMCUyMCUyMCUyMCUyMCUyMCUyMCUyMCUwQSUyMCUyMCUyMCUyMCUyMCUyMCUyMCUyMCUyMCUyMCUyMCUyMCUyMCUyMCUyMCUyMCUzQyUyRnAlM0U=[\/vc_raw_html][vc_custom_heading text=&#8220;So gestalten Sie Online-Marketing ohne Cookies&#8220; font_container=&#8220;tag:h2|font_size:48px|text_align:left|color:%23363d41&#8243; google_fonts=&#8220;font_family:Open%20Sans%3A300%2C300italic%2Cregular%2Citalic%2C600%2C600italic%2C700%2C700italic%2C800%2C800italic|font_style:800%20bold%20regular%3A800%3Anormal&#8220; el_class=&#8220;oms_hd&#8220;][vc_column_text css=&#8220;.vc_custom_1675335808969{margin-bottom: 0px !important;}&#8220;]In dieser Case Study untersuchen wir die Auswirkungen des EuGH-Urteils auf das Online-Marketing und zeigen Ihnen, wie wir erfolgreich ein datenschutzkonformes Marketing ohne Cookies umsetzen. Wir pr\u00e4sentieren unsere [&hellip;]<\/p>\n","protected":false},"author":1,"featured_media":0,"parent":95111,"menu_order":0,"comment_status":"closed","ping_status":"closed","template":"","meta":{"content-type":"","footnotes":""},"yoast_head":"<!-- This site is optimized with the Yoast SEO plugin v22.8 - https:\/\/yoast.com\/wordpress\/plugins\/seo\/ -->\n<title>Cookie Tracking - Online Marketing &amp; Suchmaschinenmarketing Agentur OMSAG<\/title>\n<meta name=\"robots\" content=\"index, follow, max-snippet:-1, max-image-preview:large, max-video-preview:-1\" \/>\n<link rel=\"canonical\" href=\"https:\/\/www.omsag.de\/proxy\/wissen\/downloads\/cookie-tracking\/\" \/>\n<meta property=\"og:locale\" content=\"de_DE\" \/>\n<meta property=\"og:type\" content=\"article\" \/>\n<meta property=\"og:title\" content=\"Cookie Tracking - Online Marketing &amp; Suchmaschinenmarketing Agentur OMSAG\" \/>\n<meta property=\"og:description\" content=\"[mk_page_section bg_image=&#8220;https:\/\/www.omsag.de\/proxy\/wp-content\/uploads\/2020\/02\/mockup-cookies-header.png&#8220; bg_position=&#8220;center center&#8220; bg_repeat=&#8220;no-repeat&#8220; bg_stretch=&#8220;true&#8220; min_height=&#8220;221&#8243; full_width=&#8220;true&#8220; has_bottom_shape_divider=&#8220;true&#8220; sidebar=&#8220;sidebar-1&#8243;][vc_column][\/vc_column][\/mk_page_section][mk_page_section bg_color=&#8220;#ffffff&#8220; padding_top=&#8220;50&#8243; padding_bottom=&#8220;0&#8243; sidebar=&#8220;sidebar-1&#8243;][vc_column width=&#8220;1\/12&#8243;][\/vc_column][vc_column width=&#8220;10\/12&#8243;][vc_row_inner][vc_column_inner][vc_raw_html]JTNDcCUyMGNsYXNzJTNEJTIyc2VjdGlvbi1oZWFkaW5nJTIyJTNFJTBBJTIwJTIwJTIwJTIwJTIwJTIwJTIwJTIwJTIwJTIwJTIwJTIwJTIwJTIwJTIwJTIwJTIwJTIwJTIwJTIwJTNDc3BhbiUzRTAxLiUzQyUyRnNwYW4lM0UlMjBEYXRlbnNjaHV0eiUyMHRyaWZmdCUyME1hcmtldGluZyUzQSUyMCUyMCUyMCUyMCUyMCUyMCUyMCUyMCUyMCUyMCUyMCUyMCUyMCUyMCUyMCUwQSUyMCUyMCUyMCUyMCUyMCUyMCUyMCUyMCUyMCUyMCUyMCUyMCUyMCUyMCUyMCUyMCUzQyUyRnAlM0U=[\/vc_raw_html][vc_custom_heading text=&#8220;So gestalten Sie Online-Marketing ohne Cookies&#8220; font_container=&#8220;tag:h2|font_size:48px|text_align:left|color:%23363d41&#8243; google_fonts=&#8220;font_family:Open%20Sans%3A300%2C300italic%2Cregular%2Citalic%2C600%2C600italic%2C700%2C700italic%2C800%2C800italic|font_style:800%20bold%20regular%3A800%3Anormal&#8220; el_class=&#8220;oms_hd&#8220;][vc_column_text css=&#8220;.vc_custom_1675335808969{margin-bottom: 0px !important;}&#8220;]In dieser Case Study untersuchen wir die Auswirkungen des EuGH-Urteils auf das Online-Marketing und zeigen Ihnen, wie wir erfolgreich ein datenschutzkonformes Marketing ohne Cookies umsetzen. Wir pr\u00e4sentieren unsere [&hellip;]\" \/>\n<meta property=\"og:url\" content=\"https:\/\/www.omsag.de\/proxy\/wissen\/downloads\/cookie-tracking\/\" \/>\n<meta property=\"og:site_name\" content=\"Online Marketing &amp; Suchmaschinenmarketing Agentur OMSAG\" \/>\n<meta property=\"article:publisher\" content=\"https:\/\/www.facebook.com\/Online.Marketing.Solutions.AG\" \/>\n<meta property=\"article:modified_time\" content=\"2023-05-24T09:29:41+00:00\" \/>\n<meta property=\"og:image\" content=\"https:\/\/www.omsag.de\/proxy\/wp-content\/uploads\/2018\/10\/stefan-schaefer-300x225.png\" \/>\n<meta name=\"twitter:card\" content=\"summary_large_image\" \/>\n<meta name=\"twitter:label1\" content=\"Gesch\u00e4tzte Lesezeit\" \/>\n\t<meta name=\"twitter:data1\" content=\"2\u00a0Minuten\" \/>\n<script type=\"application\/ld+json\" class=\"yoast-schema-graph\">{\"@context\":\"https:\/\/schema.org\",\"@graph\":[{\"@type\":\"WebPage\",\"@id\":\"https:\/\/www.omsag.de\/proxy\/wissen\/downloads\/cookie-tracking\/\",\"url\":\"https:\/\/www.omsag.de\/proxy\/wissen\/downloads\/cookie-tracking\/\",\"name\":\"Cookie Tracking - Online Marketing &amp; Suchmaschinenmarketing Agentur OMSAG\",\"isPartOf\":{\"@id\":\"https:\/\/www.omsag.de\/proxy\/#website\"},\"primaryImageOfPage\":{\"@id\":\"https:\/\/www.omsag.de\/proxy\/wissen\/downloads\/cookie-tracking\/#primaryimage\"},\"image\":{\"@id\":\"https:\/\/www.omsag.de\/proxy\/wissen\/downloads\/cookie-tracking\/#primaryimage\"},\"thumbnailUrl\":\"https:\/\/www.omsag.de\/proxy\/wp-content\/uploads\/2018\/10\/stefan-schaefer-300x225.png\",\"datePublished\":\"2020-02-12T12:57:42+00:00\",\"dateModified\":\"2023-05-24T09:29:41+00:00\",\"breadcrumb\":{\"@id\":\"https:\/\/www.omsag.de\/proxy\/wissen\/downloads\/cookie-tracking\/#breadcrumb\"},\"inLanguage\":\"de\",\"potentialAction\":[{\"@type\":\"ReadAction\",\"target\":[\"https:\/\/www.omsag.de\/proxy\/wissen\/downloads\/cookie-tracking\/\"]}]},{\"@type\":\"ImageObject\",\"inLanguage\":\"de\",\"@id\":\"https:\/\/www.omsag.de\/proxy\/wissen\/downloads\/cookie-tracking\/#primaryimage\",\"url\":\"https:\/\/www.omsag.de\/proxy\/wp-content\/uploads\/2018\/10\/stefan-schaefer.png\",\"contentUrl\":\"https:\/\/www.omsag.de\/proxy\/wp-content\/uploads\/2018\/10\/stefan-schaefer.png\",\"width\":300,\"height\":225,\"caption\":\"Stefan Sch\u00e4fer - OMSAG Teamleiter Key Account\"},{\"@type\":\"BreadcrumbList\",\"@id\":\"https:\/\/www.omsag.de\/proxy\/wissen\/downloads\/cookie-tracking\/#breadcrumb\",\"itemListElement\":[{\"@type\":\"ListItem\",\"position\":1,\"name\":\"Startseite\",\"item\":\"https:\/\/www.omsag.de\/proxy\/\"},{\"@type\":\"ListItem\",\"position\":2,\"name\":\"Wissen\",\"item\":\"https:\/\/www.omsag.de\/proxy\/wissen\/\"},{\"@type\":\"ListItem\",\"position\":3,\"name\":\"Downloads\",\"item\":\"https:\/\/www.omsag.de\/proxy\/wissen\/downloads\/\"},{\"@type\":\"ListItem\",\"position\":4,\"name\":\"Cookie Tracking\"}]},{\"@type\":\"WebSite\",\"@id\":\"https:\/\/www.omsag.de\/proxy\/#website\",\"url\":\"https:\/\/www.omsag.de\/proxy\/\",\"name\":\"Online Marketing & Suchmaschinenmarketing Agentur OMSAG\",\"description\":\"\",\"publisher\":{\"@id\":\"https:\/\/www.omsag.de\/proxy\/#organization\"},\"potentialAction\":[{\"@type\":\"SearchAction\",\"target\":{\"@type\":\"EntryPoint\",\"urlTemplate\":\"https:\/\/www.omsag.de\/proxy\/?s={search_term_string}\"},\"query-input\":\"required name=search_term_string\"}],\"inLanguage\":\"de\"},{\"@type\":\"Organization\",\"@id\":\"https:\/\/www.omsag.de\/proxy\/#organization\",\"name\":\"OMSAG\",\"url\":\"https:\/\/www.omsag.de\/proxy\/\",\"logo\":{\"@type\":\"ImageObject\",\"inLanguage\":\"de\",\"@id\":\"https:\/\/www.omsag.de\/proxy\/#\/schema\/logo\/image\/\",\"url\":\"https:\/\/www.omsag.de\/proxy\/wp-content\/uploads\/2020\/08\/oms-logo-1.jpg\",\"contentUrl\":\"https:\/\/www.omsag.de\/proxy\/wp-content\/uploads\/2020\/08\/oms-logo-1.jpg\",\"width\":500,\"height\":148,\"caption\":\"OMSAG\"},\"image\":{\"@id\":\"https:\/\/www.omsag.de\/proxy\/#\/schema\/logo\/image\/\"},\"sameAs\":[\"https:\/\/www.facebook.com\/Online.Marketing.Solutions.AG\",\"https:\/\/www.instagram.com\/omsag\/\",\"https:\/\/de.linkedin.com\/company\/online-marketing-solutions-ag\"]}]}<\/script>\n<!-- \/ Yoast SEO plugin. -->","yoast_head_json":{"title":"Cookie Tracking - Online Marketing &amp; Suchmaschinenmarketing Agentur OMSAG","robots":{"index":"index","follow":"follow","max-snippet":"max-snippet:-1","max-image-preview":"max-image-preview:large","max-video-preview":"max-video-preview:-1"},"canonical":"https:\/\/www.omsag.de\/proxy\/wissen\/downloads\/cookie-tracking\/","og_locale":"de_DE","og_type":"article","og_title":"Cookie Tracking - Online Marketing &amp; Suchmaschinenmarketing Agentur OMSAG","og_description":"[mk_page_section bg_image=&#8220;https:\/\/www.omsag.de\/proxy\/wp-content\/uploads\/2020\/02\/mockup-cookies-header.png&#8220; bg_position=&#8220;center center&#8220; bg_repeat=&#8220;no-repeat&#8220; bg_stretch=&#8220;true&#8220; min_height=&#8220;221&#8243; full_width=&#8220;true&#8220; has_bottom_shape_divider=&#8220;true&#8220; sidebar=&#8220;sidebar-1&#8243;][vc_column][\/vc_column][\/mk_page_section][mk_page_section bg_color=&#8220;#ffffff&#8220; padding_top=&#8220;50&#8243; padding_bottom=&#8220;0&#8243; sidebar=&#8220;sidebar-1&#8243;][vc_column width=&#8220;1\/12&#8243;][\/vc_column][vc_column width=&#8220;10\/12&#8243;][vc_row_inner][vc_column_inner][vc_raw_html]JTNDcCUyMGNsYXNzJTNEJTIyc2VjdGlvbi1oZWFkaW5nJTIyJTNFJTBBJTIwJTIwJTIwJTIwJTIwJTIwJTIwJTIwJTIwJTIwJTIwJTIwJTIwJTIwJTIwJTIwJTIwJTIwJTIwJTIwJTNDc3BhbiUzRTAxLiUzQyUyRnNwYW4lM0UlMjBEYXRlbnNjaHV0eiUyMHRyaWZmdCUyME1hcmtldGluZyUzQSUyMCUyMCUyMCUyMCUyMCUyMCUyMCUyMCUyMCUyMCUyMCUyMCUyMCUyMCUyMCUwQSUyMCUyMCUyMCUyMCUyMCUyMCUyMCUyMCUyMCUyMCUyMCUyMCUyMCUyMCUyMCUyMCUzQyUyRnAlM0U=[\/vc_raw_html][vc_custom_heading text=&#8220;So gestalten Sie Online-Marketing ohne Cookies&#8220; font_container=&#8220;tag:h2|font_size:48px|text_align:left|color:%23363d41&#8243; google_fonts=&#8220;font_family:Open%20Sans%3A300%2C300italic%2Cregular%2Citalic%2C600%2C600italic%2C700%2C700italic%2C800%2C800italic|font_style:800%20bold%20regular%3A800%3Anormal&#8220; el_class=&#8220;oms_hd&#8220;][vc_column_text css=&#8220;.vc_custom_1675335808969{margin-bottom: 0px !important;}&#8220;]In dieser Case Study untersuchen wir die Auswirkungen des EuGH-Urteils auf das Online-Marketing und zeigen Ihnen, wie wir erfolgreich ein datenschutzkonformes Marketing ohne Cookies umsetzen. Wir pr\u00e4sentieren unsere [&hellip;]","og_url":"https:\/\/www.omsag.de\/proxy\/wissen\/downloads\/cookie-tracking\/","og_site_name":"Online Marketing &amp; Suchmaschinenmarketing Agentur OMSAG","article_publisher":"https:\/\/www.facebook.com\/Online.Marketing.Solutions.AG","article_modified_time":"2023-05-24T09:29:41+00:00","og_image":[{"url":"https:\/\/www.omsag.de\/proxy\/wp-content\/uploads\/2018\/10\/stefan-schaefer-300x225.png"}],"twitter_card":"summary_large_image","twitter_misc":{"Gesch\u00e4tzte Lesezeit":"2\u00a0Minuten"},"schema":{"@context":"https:\/\/schema.org","@graph":[{"@type":"WebPage","@id":"https:\/\/www.omsag.de\/proxy\/wissen\/downloads\/cookie-tracking\/","url":"https:\/\/www.omsag.de\/proxy\/wissen\/downloads\/cookie-tracking\/","name":"Cookie Tracking - Online Marketing &amp; Suchmaschinenmarketing Agentur OMSAG","isPartOf":{"@id":"https:\/\/www.omsag.de\/proxy\/#website"},"primaryImageOfPage":{"@id":"https:\/\/www.omsag.de\/proxy\/wissen\/downloads\/cookie-tracking\/#primaryimage"},"image":{"@id":"https:\/\/www.omsag.de\/proxy\/wissen\/downloads\/cookie-tracking\/#primaryimage"},"thumbnailUrl":"https:\/\/www.omsag.de\/proxy\/wp-content\/uploads\/2018\/10\/stefan-schaefer-300x225.png","datePublished":"2020-02-12T12:57:42+00:00","dateModified":"2023-05-24T09:29:41+00:00","breadcrumb":{"@id":"https:\/\/www.omsag.de\/proxy\/wissen\/downloads\/cookie-tracking\/#breadcrumb"},"inLanguage":"de","potentialAction":[{"@type":"ReadAction","target":["https:\/\/www.omsag.de\/proxy\/wissen\/downloads\/cookie-tracking\/"]}]},{"@type":"ImageObject","inLanguage":"de","@id":"https:\/\/www.omsag.de\/proxy\/wissen\/downloads\/cookie-tracking\/#primaryimage","url":"https:\/\/www.omsag.de\/proxy\/wp-content\/uploads\/2018\/10\/stefan-schaefer.png","contentUrl":"https:\/\/www.omsag.de\/proxy\/wp-content\/uploads\/2018\/10\/stefan-schaefer.png","width":300,"height":225,"caption":"Stefan Sch\u00e4fer - OMSAG Teamleiter Key Account"},{"@type":"BreadcrumbList","@id":"https:\/\/www.omsag.de\/proxy\/wissen\/downloads\/cookie-tracking\/#breadcrumb","itemListElement":[{"@type":"ListItem","position":1,"name":"Startseite","item":"https:\/\/www.omsag.de\/proxy\/"},{"@type":"ListItem","position":2,"name":"Wissen","item":"https:\/\/www.omsag.de\/proxy\/wissen\/"},{"@type":"ListItem","position":3,"name":"Downloads","item":"https:\/\/www.omsag.de\/proxy\/wissen\/downloads\/"},{"@type":"ListItem","position":4,"name":"Cookie Tracking"}]},{"@type":"WebSite","@id":"https:\/\/www.omsag.de\/proxy\/#website","url":"https:\/\/www.omsag.de\/proxy\/","name":"Online Marketing & Suchmaschinenmarketing Agentur OMSAG","description":"","publisher":{"@id":"https:\/\/www.omsag.de\/proxy\/#organization"},"potentialAction":[{"@type":"SearchAction","target":{"@type":"EntryPoint","urlTemplate":"https:\/\/www.omsag.de\/proxy\/?s={search_term_string}"},"query-input":"required name=search_term_string"}],"inLanguage":"de"},{"@type":"Organization","@id":"https:\/\/www.omsag.de\/proxy\/#organization","name":"OMSAG","url":"https:\/\/www.omsag.de\/proxy\/","logo":{"@type":"ImageObject","inLanguage":"de","@id":"https:\/\/www.omsag.de\/proxy\/#\/schema\/logo\/image\/","url":"https:\/\/www.omsag.de\/proxy\/wp-content\/uploads\/2020\/08\/oms-logo-1.jpg","contentUrl":"https:\/\/www.omsag.de\/proxy\/wp-content\/uploads\/2020\/08\/oms-logo-1.jpg","width":500,"height":148,"caption":"OMSAG"},"image":{"@id":"https:\/\/www.omsag.de\/proxy\/#\/schema\/logo\/image\/"},"sameAs":["https:\/\/www.facebook.com\/Online.Marketing.Solutions.AG","https:\/\/www.instagram.com\/omsag\/","https:\/\/de.linkedin.com\/company\/online-marketing-solutions-ag"]}]}},"_links":{"self":[{"href":"https:\/\/www.omsag.de\/proxy\/wp-json\/wp\/v2\/pages\/94990"}],"collection":[{"href":"https:\/\/www.omsag.de\/proxy\/wp-json\/wp\/v2\/pages"}],"about":[{"href":"https:\/\/www.omsag.de\/proxy\/wp-json\/wp\/v2\/types\/page"}],"author":[{"embeddable":true,"href":"https:\/\/www.omsag.de\/proxy\/wp-json\/wp\/v2\/users\/1"}],"replies":[{"embeddable":true,"href":"https:\/\/www.omsag.de\/proxy\/wp-json\/wp\/v2\/comments?post=94990"}],"version-history":[{"count":0,"href":"https:\/\/www.omsag.de\/proxy\/wp-json\/wp\/v2\/pages\/94990\/revisions"}],"up":[{"embeddable":true,"href":"https:\/\/www.omsag.de\/proxy\/wp-json\/wp\/v2\/pages\/95111"}],"wp:attachment":[{"href":"https:\/\/www.omsag.de\/proxy\/wp-json\/wp\/v2\/media?parent=94990"}],"curies":[{"name":"wp","href":"https:\/\/api.w.org\/{rel}","templated":true}]}}