{"id":94594,"date":"2019-11-25T15:49:14","date_gmt":"2019-11-25T14:49:14","guid":{"rendered":"https:\/\/www.omsag.de\/?page_id=94594"},"modified":"2023-05-24T11:31:11","modified_gmt":"2023-05-24T09:31:11","slug":"photovoltaik","status":"publish","type":"page","link":"https:\/\/www.omsag.de\/proxy\/wissen\/downloads\/photovoltaik\/","title":{"rendered":"Photovoltaik"},"content":{"rendered":"<div class=\"wpb-content-wrapper\">[mk_page_section bg_image=&#8220;https:\/\/www.omsag.de\/proxy\/wp-content\/uploads\/2019\/11\/mockup-downloads.png&#8220; bg_position=&#8220;center center&#8220; bg_repeat=&#8220;no-repeat&#8220; bg_stretch=&#8220;true&#8220; min_height=&#8220;221&#8243; full_width=&#8220;true&#8220; has_bottom_shape_divider=&#8220;true&#8220; sidebar=&#8220;sidebar-1&#8243;][vc_column][\/vc_column][\/mk_page_section][mk_page_section bg_color=&#8220;#ffffff&#8220; padding_top=&#8220;50&#8243; padding_bottom=&#8220;0&#8243; sidebar=&#8220;sidebar-1&#8243;][vc_column width=&#8220;1\/12&#8243;][\/vc_column][vc_column width=&#8220;10\/12&#8243;][vc_row_inner][vc_column_inner][vc_raw_html]JTNDcCUyMGNsYXNzJTNEJTIyc2VjdGlvbi1oZWFkaW5nJTIyJTNFJTBBJTIwJTIwJTIwJTIwJTIwJTIwJTIwJTIwJTIwJTIwJTIwJTIwJTIwJTIwJTIwJTIwJTIwJTIwJTIwJTIwJTNDc3BhbiUzRTAxLiUzQyUyRnNwYW4lM0UlMjBBdWZzY2h3dW5nJTIwaW0lMjBQaG90b3ZvbHRhaWstTWFya3QlM0ElMjAlMjAlMjAlMjAlMjAlMjAlMjAlMjAlMjAlMjAlMEElMjAlMjAlMjAlMjAlMjAlMjAlMjAlMjAlMjAlMjAlMjAlMjAlMjAlMjAlMjAlMjAlM0MlMkZwJTNF[\/vc_raw_html][vc_custom_heading text=&#8220;Digitales Marketing f\u00fcr mehr Erfolg&#8220; font_container=&#8220;tag:h2|font_size:48px|text_align:left|color:%23363d41&#8243; google_fonts=&#8220;font_family:Open%20Sans%3A300%2C300italic%2Cregular%2Citalic%2C600%2C600italic%2C700%2C700italic%2C800%2C800italic|font_style:800%20bold%20regular%3A800%3Anormal&#8220; el_class=&#8220;oms_hd&#8220;][vc_column_text css=&#8220;.vc_custom_1675336059786{margin-bottom: 0px !important;}&#8220;]Entdecken Sie das Potenzial f\u00fcr Ihr Photovoltaik-Unternehmen: In unserem Whitepaper &#8222;Aufschwung im Photovoltaik-Markt: Digitales Marketing f\u00fcr mehr Erfolg&#8220; zeigen wir Ihnen, wie Sie von dem aktuellen Wachstum im Photovoltaik-Markt profitieren k\u00f6nnen. Wir untersuchen die Auswirkungen des Aufschwungs auf die Branche und pr\u00e4sentieren praktische Tipps zur optimalen Nutzung von digitalem Marketing. Nutzen Sie jetzt die Chance und maximieren Sie Ihren Erfolg im Photovoltaik-Markt.[\/vc_column_text][vc_empty_space height=&#8220;52px&#8220;][\/vc_column_inner][\/vc_row_inner][\/vc_column][vc_column width=&#8220;1\/12&#8243;][\/vc_column][\/mk_page_section][vc_row css=&#8220;.vc_custom_1574683317716{padding-bottom: 70px !important;}&#8220;][vc_column width=&#8220;1\/12&#8243;][\/vc_column][vc_column width=&#8220;10\/12&#8243;][vc_row_inner el_class=&#8220;shadow&#8220;][vc_column_inner width=&#8220;1\/2&#8243; css=&#8220;.vc_custom_1574679116948{margin-bottom: 0px !important;padding-top: 0px !important;padding-right: 0px !important;padding-bottom: 0px !important;padding-left: 0px !important;background-color: #353d42 !important;}&#8220;][vc_single_image image=&#8220;94600&#8243; img_size=&#8220;full&#8220; alignment=&#8220;center&#8220; css=&#8220;.vc_custom_1574696850937{margin-top: 0px !important;margin-right: 0px !important;margin-bottom: 40px !important;margin-left: 0px !important;}&#8220;][mk_custom_list style=&#8220;mk-moon-play-2&#8243; el_class=&#8220;paddingleft33&#8243;]\n<ul>\n<li>Fordern Sie jetzt unser kostenloses Whitepaper an und steigern Sie Ihren Online-Marketing-Erfolg.<\/li>\n<\/ul>\n[\/mk_custom_list][vc_column_text css=&#8220;.vc_custom_1614956890159{margin-bottom: 0px !important;padding-right: 25px !important;padding-left: 25px !important;}&#8220;]\n<h3><img loading=\"lazy\" decoding=\"async\" class=\" wp-image-94602 alignleft\" src=\"https:\/\/www.omsag.de\/proxy\/wp-content\/uploads\/2019\/11\/cmichael-6788-683x1024.png\" alt=\"\" width=\"104\" height=\"104\" srcset=\"https:\/\/www.omsag.de\/proxy\/wp-content\/uploads\/2019\/11\/cmichael-6788-683x1024.png 90w, https:\/\/www.omsag.de\/proxy\/wp-content\/uploads\/2019\/11\/cmichael-6788-683x1024-300x300.png 300w\" sizes=\"(max-width: 104px) 100vw, 104px\" \/><span style=\"color: #53a843;\">Christian Michael<\/span><\/h3>\n<p>Director Business Development<br \/>\n<span class=\"livicon-evo\" data-options=\"name:phone.svg; style:lines; size:20px; strokeColor:#50aa3b; animated:false\"><\/span> +49 6196 780 801<br \/>\n<span class=\"livicon-evo\" data-options=\"name:morph-envelope.svg; style:lines; size:20px; strokeColor:#50aa3b; animated:false\"><\/span> c.michael@omsag.de[\/vc_column_text][\/vc_column_inner][vc_column_inner el_class=&#8220;formbreit&#8220; width=&#8220;1\/2&#8243; css=&#8220;.vc_custom_1574688205949{padding-top: 50px !important;padding-right: 30px !important;padding-left: 30px !important;}&#8220;][vc_custom_heading text=&#8220;Wachstumsmarkt Photovoltaik \u2013<br \/>\nEine Online Marketing Potenzialanalyse&#8220; font_container=&#8220;tag:h3|font_size:20|text_align:center&#8220; use_theme_fonts=&#8220;yes&#8220; el_id=&#8220;down&#8220;][vc_column_text css=&#8220;.vc_custom_1574678647607{margin-bottom: 0px !important;}&#8220;]\n<p style=\"text-align: center;\">Analyse, Erkenntnisse und Chancen der Werbepotenziale f\u00fcr die Solar- und Photovoltaik-Branche<\/p>\n[\/vc_column_text]\n<div class=\"wpcf7 no-js\" id=\"wpcf7-f94339-o1\" lang=\"de-DE\" dir=\"ltr\">\n<div class=\"screen-reader-response\"><p role=\"status\" aria-live=\"polite\" aria-atomic=\"true\"><\/p> <ul><\/ul><\/div>\n<form action=\"\/proxy\/wp-json\/wp\/v2\/pages\/94594#wpcf7-f94339-o1\" method=\"post\" class=\"wpcf7-form init\" aria-label=\"Kontaktformular\" novalidate=\"novalidate\" data-status=\"init\">\n<div style=\"display: none;\">\n<input type=\"hidden\" name=\"_wpcf7\" value=\"94339\" \/>\n<input type=\"hidden\" name=\"_wpcf7_version\" value=\"5.9.5\" \/>\n<input type=\"hidden\" name=\"_wpcf7_locale\" value=\"de_DE\" \/>\n<input type=\"hidden\" name=\"_wpcf7_unit_tag\" value=\"wpcf7-f94339-o1\" \/>\n<input type=\"hidden\" name=\"_wpcf7_container_post\" value=\"0\" \/>\n<input type=\"hidden\" name=\"_wpcf7_posted_data_hash\" value=\"\" \/>\n<input type=\"hidden\" name=\"_wpcf7_recaptcha_response\" value=\"\" \/>\n<\/div>\n<p><label><span class=\"wpcf7-form-control-wrap\" data-name=\"anrede\"><select class=\"wpcf7-form-control wpcf7-select anrede\" id=\"energie\" aria-invalid=\"false\" name=\"anrede\"><option value=\"Bitte w\u00e4hlen\">Bitte w\u00e4hlen<\/option><option value=\"Frau\">Frau<\/option><option value=\"Herr\">Herr<\/option><\/select><\/span><\/label><br \/>\n<label><span class=\"wpcf7-form-control-wrap\" data-name=\"text-88\"><input size=\"40\" class=\"wpcf7-form-control wpcf7-text wpcf7-validates-as-required\" aria-required=\"true\" aria-invalid=\"false\" placeholder=\"Vorname*\" value=\"\" type=\"text\" name=\"text-88\" \/><\/span><\/label><label><span class=\"wpcf7-form-control-wrap\" data-name=\"text-87\"><input size=\"40\" class=\"wpcf7-form-control wpcf7-text wpcf7-validates-as-required\" aria-required=\"true\" aria-invalid=\"false\" placeholder=\"Nachname*\" value=\"\" type=\"text\" name=\"text-87\" \/><\/span><\/label><br \/>\n<label><span class=\"wpcf7-form-control-wrap\" data-name=\"text-89\"><input size=\"40\" class=\"wpcf7-form-control wpcf7-text\" aria-invalid=\"false\" placeholder=\"Firma\" value=\"\" type=\"text\" name=\"text-89\" \/><\/span><\/label><br \/>\n<label><span class=\"wpcf7-form-control-wrap\" data-name=\"email-858\"><input size=\"40\" class=\"wpcf7-form-control wpcf7-email wpcf7-validates-as-required wpcf7-text wpcf7-validates-as-email\" aria-required=\"true\" aria-invalid=\"false\" placeholder=\"E-Mail-Adresse*\" value=\"\" type=\"email\" name=\"email-858\" \/><\/span><\/label>\n<\/p>\n<p><input class=\"wpcf7-form-control wpcf7-submit has-spinner\" id=\"infomaterial\" type=\"submit\" value=\"Download anfordern\" \/>\n<\/p><div class=\"wpcf7-response-output\" aria-hidden=\"true\"><\/div>\n<\/form>\n<\/div>\n[\/vc_column_inner][\/vc_row_inner][\/vc_column][vc_column width=&#8220;1\/12&#8243;][\/vc_column][\/vc_row][mk_page_section bg_image=&#8220;https:\/\/www.omsag.de\/proxy\/wp-content\/uploads\/2018\/06\/test-bg-section1.jpg&#8220; bg_position=&#8220;center center&#8220; bg_repeat=&#8220;no-repeat&#8220; bg_stretch=&#8220;true&#8220; enable_3d=&#8220;true&#8220; video_color_mask=&#8220;#292f37&#8243; video_opacity=&#8220;0.88&#8243; padding_top=&#8220;70&#8243; padding_bottom=&#8220;70&#8243; sidebar=&#8220;sidebar-1&#8243;][vc_column][vc_custom_heading text=&#8220;WAS IHNEN DIESES WHITEPAPER AUFZEIGT&#8220; font_container=&#8220;tag:h2|text_align:center|color:%23ffffff&#8220; use_theme_fonts=&#8220;yes&#8220;][vc_single_image image=&#8220;90452&#8243; img_size=&#8220;full&#8220; alignment=&#8220;center&#8220; css=&#8220;.vc_custom_1574680763313{margin-bottom: 3px !important;}&#8220;][vc_row_inner css=&#8220;.vc_custom_1574680916633{padding-top: 70px !important;}&#8220;][vc_column_inner width=&#8220;1\/3&#8243;][vc_single_image image=&#8220;94603&#8243; img_size=&#8220;70&#215;70&#8243; alignment=&#8220;center&#8220;][vc_custom_heading text=&#8220;Online-Trends&#8220; font_container=&#8220;tag:h4|text_align:center&#8220; use_theme_fonts=&#8220;yes&#8220;][vc_column_text css=&#8220;.vc_custom_1574681274189{margin-bottom: 0px !important;}&#8220;]\n<p style=\"text-align: center;\">Basierend auf umfangreichen Analysen des Nutzerverhaltens im Internet<\/p>\n[\/vc_column_text][\/vc_column_inner][vc_column_inner width=&#8220;1\/3&#8243;][vc_single_image image=&#8220;94604&#8243; img_size=&#8220;70&#215;70&#8243; alignment=&#8220;center&#8220;][vc_custom_heading text=&#8220;Analyse von K\u00e4ufergruppen&#8220; font_container=&#8220;tag:h4|text_align:center&#8220; use_theme_fonts=&#8220;yes&#8220;][vc_column_text css=&#8220;.vc_custom_1574681298230{margin-bottom: 0px !important;}&#8220;]\n<p style=\"text-align: center;\">Anhand einer Customer Journey und der Nutzungsintensit\u00e4t verschiedener Online-Kan\u00e4le<\/p>\n[\/vc_column_text][\/vc_column_inner][vc_column_inner width=&#8220;1\/3&#8243;][vc_single_image image=&#8220;94605&#8243; img_size=&#8220;70&#215;70&#8243; alignment=&#8220;center&#8220;][vc_custom_heading text=&#8220;Chancen und Marketingpotenziale&#8220; font_container=&#8220;tag:h4|text_align:center&#8220; use_theme_fonts=&#8220;yes&#8220;][vc_column_text css=&#8220;.vc_custom_1574681311917{margin-bottom: 0px !important;}&#8220;]\n<p style=\"text-align: center;\">die sich aus einer umfassenden Wettbewerbs- und Potenzialanalyse ergeben<\/p>\n[\/vc_column_text][\/vc_column_inner][\/vc_row_inner][\/vc_column][\/mk_page_section][mk_page_section top_shadow=&#8220;true&#8220; padding_top=&#8220;70&#8243; padding_bottom=&#8220;70&#8243; sidebar=&#8220;sidebar-1&#8243;][vc_column width=&#8220;1\/2&#8243;][vc_single_image image=&#8220;94606&#8243; img_size=&#8220;full&#8220;][\/vc_column][vc_column width=&#8220;1\/2&#8243;][vc_row_inner][vc_column_inner css=&#8220;.vc_custom_1574681599634{margin-top: 50px !important;}&#8220;][vc_custom_heading text=&#8220;Warum Sie dieses Whitepaper lesen sollten&#8220; use_theme_fonts=&#8220;yes&#8220; css=&#8220;.vc_custom_1574681825678{margin-bottom: 30px !important;}&#8220;][mk_custom_list style=&#8220;mk-moon-play-2&#8243;]\n<ul>\n<li>Entscheiden Sie sich f\u00fcr die relevantesten K\u00e4ufergruppen<\/li>\n<li>Lernen Sie die Online Customer Journey Ihrer K\u00e4ufer kennen<\/li>\n<li>Erfahren Sie wo und wie Sie Ihre Markenbekanntheit steigern sollten<\/li>\n<li>Unterscheiden Sie zwischen Suchmaschinenoptimierung und -Werbung<\/li>\n<li>Erkennen Sie Potenziale auf Social Media und Video-Plattformen<\/li>\n<\/ul>\n[\/mk_custom_list][vc_column_text css=&#8220;.vc_custom_1574681843653{margin-bottom: 30px !important;}&#8220;]Fordern Sie jetzt unser Whitepaper mit der Potenzialanalyse f\u00fcr den Wachstumsmarkt Photovoltaik an und steigern Sie Ihren Erfolg im Online Marketing.[\/vc_column_text][vc_btn title=&#8220;Kostenlos herunterladen&#8220; style=&#8220;gradient-custom&#8220; gradient_custom_color_1=&#8220;#a7d958&#8243; gradient_custom_color_2=&#8220;#50aa3b&#8220; align=&#8220;center&#8220; link=&#8220;url:%23down|title:Angebot%20anfordern||&#8220;][\/vc_column_inner][\/vc_row_inner][\/vc_column][\/mk_page_section][vc_row fullwidth=&#8220;true&#8220; css=&#8220;.vc_custom_1574682058461{padding-top: 50px !important;}&#8220;][vc_column][vc_raw_html]JTVCcGFydG5lci1zbGlkZXIlNUQ=[\/vc_raw_html][\/vc_column][\/vc_row]\n<\/div>","protected":false},"excerpt":{"rendered":"<p>[mk_page_section bg_image=&#8220;https:\/\/www.omsag.de\/proxy\/wp-content\/uploads\/2019\/11\/mockup-downloads.png&#8220; bg_position=&#8220;center center&#8220; bg_repeat=&#8220;no-repeat&#8220; bg_stretch=&#8220;true&#8220; min_height=&#8220;221&#8243; full_width=&#8220;true&#8220; has_bottom_shape_divider=&#8220;true&#8220; sidebar=&#8220;sidebar-1&#8243;][vc_column][\/vc_column][\/mk_page_section][mk_page_section bg_color=&#8220;#ffffff&#8220; padding_top=&#8220;50&#8243; padding_bottom=&#8220;0&#8243; sidebar=&#8220;sidebar-1&#8243;][vc_column width=&#8220;1\/12&#8243;][\/vc_column][vc_column width=&#8220;10\/12&#8243;][vc_row_inner][vc_column_inner][vc_raw_html]JTNDcCUyMGNsYXNzJTNEJTIyc2VjdGlvbi1oZWFkaW5nJTIyJTNFJTBBJTIwJTIwJTIwJTIwJTIwJTIwJTIwJTIwJTIwJTIwJTIwJTIwJTIwJTIwJTIwJTIwJTIwJTIwJTIwJTIwJTNDc3BhbiUzRTAxLiUzQyUyRnNwYW4lM0UlMjBBdWZzY2h3dW5nJTIwaW0lMjBQaG90b3ZvbHRhaWstTWFya3QlM0ElMjAlMjAlMjAlMjAlMjAlMjAlMjAlMjAlMjAlMjAlMEElMjAlMjAlMjAlMjAlMjAlMjAlMjAlMjAlMjAlMjAlMjAlMjAlMjAlMjAlMjAlMjAlM0MlMkZwJTNF[\/vc_raw_html][vc_custom_heading text=&#8220;Digitales Marketing f\u00fcr mehr Erfolg&#8220; font_container=&#8220;tag:h2|font_size:48px|text_align:left|color:%23363d41&#8243; google_fonts=&#8220;font_family:Open%20Sans%3A300%2C300italic%2Cregular%2Citalic%2C600%2C600italic%2C700%2C700italic%2C800%2C800italic|font_style:800%20bold%20regular%3A800%3Anormal&#8220; el_class=&#8220;oms_hd&#8220;][vc_column_text css=&#8220;.vc_custom_1675336059786{margin-bottom: 0px !important;}&#8220;]Entdecken Sie das Potenzial f\u00fcr Ihr Photovoltaik-Unternehmen: In unserem Whitepaper &#8222;Aufschwung im Photovoltaik-Markt: Digitales Marketing f\u00fcr mehr Erfolg&#8220; zeigen wir Ihnen, wie Sie von dem aktuellen Wachstum im Photovoltaik-Markt [&hellip;]<\/p>\n","protected":false},"author":1,"featured_media":0,"parent":95111,"menu_order":0,"comment_status":"closed","ping_status":"closed","template":"","meta":{"content-type":"","footnotes":""},"yoast_head":"<!-- This site is optimized with the Yoast SEO plugin v22.8 - https:\/\/yoast.com\/wordpress\/plugins\/seo\/ -->\n<title>Photovoltaik - Online Marketing &amp; Suchmaschinenmarketing Agentur OMSAG<\/title>\n<meta name=\"robots\" content=\"noindex, follow\" \/>\n<meta property=\"og:locale\" content=\"de_DE\" \/>\n<meta property=\"og:type\" content=\"article\" \/>\n<meta property=\"og:title\" content=\"Photovoltaik - Online Marketing &amp; Suchmaschinenmarketing Agentur OMSAG\" \/>\n<meta property=\"og:description\" content=\"[mk_page_section bg_image=&#8220;https:\/\/www.omsag.de\/proxy\/wp-content\/uploads\/2019\/11\/mockup-downloads.png&#8220; bg_position=&#8220;center center&#8220; bg_repeat=&#8220;no-repeat&#8220; bg_stretch=&#8220;true&#8220; min_height=&#8220;221&#8243; full_width=&#8220;true&#8220; has_bottom_shape_divider=&#8220;true&#8220; sidebar=&#8220;sidebar-1&#8243;][vc_column][\/vc_column][\/mk_page_section][mk_page_section bg_color=&#8220;#ffffff&#8220; padding_top=&#8220;50&#8243; padding_bottom=&#8220;0&#8243; sidebar=&#8220;sidebar-1&#8243;][vc_column width=&#8220;1\/12&#8243;][\/vc_column][vc_column width=&#8220;10\/12&#8243;][vc_row_inner][vc_column_inner][vc_raw_html]JTNDcCUyMGNsYXNzJTNEJTIyc2VjdGlvbi1oZWFkaW5nJTIyJTNFJTBBJTIwJTIwJTIwJTIwJTIwJTIwJTIwJTIwJTIwJTIwJTIwJTIwJTIwJTIwJTIwJTIwJTIwJTIwJTIwJTIwJTNDc3BhbiUzRTAxLiUzQyUyRnNwYW4lM0UlMjBBdWZzY2h3dW5nJTIwaW0lMjBQaG90b3ZvbHRhaWstTWFya3QlM0ElMjAlMjAlMjAlMjAlMjAlMjAlMjAlMjAlMjAlMjAlMEElMjAlMjAlMjAlMjAlMjAlMjAlMjAlMjAlMjAlMjAlMjAlMjAlMjAlMjAlMjAlMjAlM0MlMkZwJTNF[\/vc_raw_html][vc_custom_heading text=&#8220;Digitales Marketing f\u00fcr mehr Erfolg&#8220; font_container=&#8220;tag:h2|font_size:48px|text_align:left|color:%23363d41&#8243; google_fonts=&#8220;font_family:Open%20Sans%3A300%2C300italic%2Cregular%2Citalic%2C600%2C600italic%2C700%2C700italic%2C800%2C800italic|font_style:800%20bold%20regular%3A800%3Anormal&#8220; el_class=&#8220;oms_hd&#8220;][vc_column_text css=&#8220;.vc_custom_1675336059786{margin-bottom: 0px !important;}&#8220;]Entdecken Sie das Potenzial f\u00fcr Ihr Photovoltaik-Unternehmen: In unserem Whitepaper &#8222;Aufschwung im Photovoltaik-Markt: Digitales Marketing f\u00fcr mehr Erfolg&#8220; zeigen wir Ihnen, wie Sie von dem aktuellen Wachstum im Photovoltaik-Markt [&hellip;]\" \/>\n<meta property=\"og:url\" content=\"https:\/\/www.omsag.de\/proxy\/wissen\/downloads\/photovoltaik\/\" \/>\n<meta property=\"og:site_name\" content=\"Online Marketing &amp; Suchmaschinenmarketing Agentur OMSAG\" \/>\n<meta property=\"article:publisher\" content=\"https:\/\/www.facebook.com\/Online.Marketing.Solutions.AG\" \/>\n<meta property=\"article:modified_time\" content=\"2023-05-24T09:31:11+00:00\" \/>\n<meta property=\"og:image\" content=\"https:\/\/www.omsag.de\/proxy\/wp-content\/uploads\/2019\/11\/cmichael-6788-683x1024.png\" \/>\n<meta name=\"twitter:card\" content=\"summary_large_image\" \/>\n<meta name=\"twitter:label1\" content=\"Gesch\u00e4tzte Lesezeit\" \/>\n\t<meta name=\"twitter:data1\" content=\"3\u00a0Minuten\" \/>\n<script type=\"application\/ld+json\" class=\"yoast-schema-graph\">{\"@context\":\"https:\/\/schema.org\",\"@graph\":[{\"@type\":\"WebPage\",\"@id\":\"https:\/\/www.omsag.de\/proxy\/wissen\/downloads\/photovoltaik\/\",\"url\":\"https:\/\/www.omsag.de\/proxy\/wissen\/downloads\/photovoltaik\/\",\"name\":\"Photovoltaik - Online Marketing &amp; Suchmaschinenmarketing Agentur OMSAG\",\"isPartOf\":{\"@id\":\"https:\/\/www.omsag.de\/proxy\/#website\"},\"primaryImageOfPage\":{\"@id\":\"https:\/\/www.omsag.de\/proxy\/wissen\/downloads\/photovoltaik\/#primaryimage\"},\"image\":{\"@id\":\"https:\/\/www.omsag.de\/proxy\/wissen\/downloads\/photovoltaik\/#primaryimage\"},\"thumbnailUrl\":\"https:\/\/www.omsag.de\/proxy\/wp-content\/uploads\/2019\/11\/cmichael-6788-683x1024.png\",\"datePublished\":\"2019-11-25T14:49:14+00:00\",\"dateModified\":\"2023-05-24T09:31:11+00:00\",\"breadcrumb\":{\"@id\":\"https:\/\/www.omsag.de\/proxy\/wissen\/downloads\/photovoltaik\/#breadcrumb\"},\"inLanguage\":\"de\",\"potentialAction\":[{\"@type\":\"ReadAction\",\"target\":[\"https:\/\/www.omsag.de\/proxy\/wissen\/downloads\/photovoltaik\/\"]}]},{\"@type\":\"ImageObject\",\"inLanguage\":\"de\",\"@id\":\"https:\/\/www.omsag.de\/proxy\/wissen\/downloads\/photovoltaik\/#primaryimage\",\"url\":\"https:\/\/www.omsag.de\/proxy\/wp-content\/uploads\/2019\/11\/cmichael-6788-683x1024.png\",\"contentUrl\":\"https:\/\/www.omsag.de\/proxy\/wp-content\/uploads\/2019\/11\/cmichael-6788-683x1024.png\"},{\"@type\":\"BreadcrumbList\",\"@id\":\"https:\/\/www.omsag.de\/proxy\/wissen\/downloads\/photovoltaik\/#breadcrumb\",\"itemListElement\":[{\"@type\":\"ListItem\",\"position\":1,\"name\":\"Startseite\",\"item\":\"https:\/\/www.omsag.de\/proxy\/\"},{\"@type\":\"ListItem\",\"position\":2,\"name\":\"Wissen\",\"item\":\"https:\/\/www.omsag.de\/proxy\/wissen\/\"},{\"@type\":\"ListItem\",\"position\":3,\"name\":\"Downloads\",\"item\":\"https:\/\/www.omsag.de\/proxy\/wissen\/downloads\/\"},{\"@type\":\"ListItem\",\"position\":4,\"name\":\"Photovoltaik\"}]},{\"@type\":\"WebSite\",\"@id\":\"https:\/\/www.omsag.de\/proxy\/#website\",\"url\":\"https:\/\/www.omsag.de\/proxy\/\",\"name\":\"Online Marketing & Suchmaschinenmarketing Agentur OMSAG\",\"description\":\"\",\"publisher\":{\"@id\":\"https:\/\/www.omsag.de\/proxy\/#organization\"},\"potentialAction\":[{\"@type\":\"SearchAction\",\"target\":{\"@type\":\"EntryPoint\",\"urlTemplate\":\"https:\/\/www.omsag.de\/proxy\/?s={search_term_string}\"},\"query-input\":\"required name=search_term_string\"}],\"inLanguage\":\"de\"},{\"@type\":\"Organization\",\"@id\":\"https:\/\/www.omsag.de\/proxy\/#organization\",\"name\":\"OMSAG\",\"url\":\"https:\/\/www.omsag.de\/proxy\/\",\"logo\":{\"@type\":\"ImageObject\",\"inLanguage\":\"de\",\"@id\":\"https:\/\/www.omsag.de\/proxy\/#\/schema\/logo\/image\/\",\"url\":\"https:\/\/www.omsag.de\/proxy\/wp-content\/uploads\/2020\/08\/oms-logo-1.jpg\",\"contentUrl\":\"https:\/\/www.omsag.de\/proxy\/wp-content\/uploads\/2020\/08\/oms-logo-1.jpg\",\"width\":500,\"height\":148,\"caption\":\"OMSAG\"},\"image\":{\"@id\":\"https:\/\/www.omsag.de\/proxy\/#\/schema\/logo\/image\/\"},\"sameAs\":[\"https:\/\/www.facebook.com\/Online.Marketing.Solutions.AG\",\"https:\/\/www.instagram.com\/omsag\/\",\"https:\/\/de.linkedin.com\/company\/online-marketing-solutions-ag\"]}]}<\/script>\n<!-- \/ Yoast SEO plugin. -->","yoast_head_json":{"title":"Photovoltaik - Online Marketing &amp; Suchmaschinenmarketing Agentur OMSAG","robots":{"index":"noindex","follow":"follow"},"og_locale":"de_DE","og_type":"article","og_title":"Photovoltaik - Online Marketing &amp; Suchmaschinenmarketing Agentur OMSAG","og_description":"[mk_page_section bg_image=&#8220;https:\/\/www.omsag.de\/proxy\/wp-content\/uploads\/2019\/11\/mockup-downloads.png&#8220; bg_position=&#8220;center center&#8220; bg_repeat=&#8220;no-repeat&#8220; bg_stretch=&#8220;true&#8220; min_height=&#8220;221&#8243; full_width=&#8220;true&#8220; has_bottom_shape_divider=&#8220;true&#8220; sidebar=&#8220;sidebar-1&#8243;][vc_column][\/vc_column][\/mk_page_section][mk_page_section bg_color=&#8220;#ffffff&#8220; padding_top=&#8220;50&#8243; padding_bottom=&#8220;0&#8243; sidebar=&#8220;sidebar-1&#8243;][vc_column width=&#8220;1\/12&#8243;][\/vc_column][vc_column width=&#8220;10\/12&#8243;][vc_row_inner][vc_column_inner][vc_raw_html]JTNDcCUyMGNsYXNzJTNEJTIyc2VjdGlvbi1oZWFkaW5nJTIyJTNFJTBBJTIwJTIwJTIwJTIwJTIwJTIwJTIwJTIwJTIwJTIwJTIwJTIwJTIwJTIwJTIwJTIwJTIwJTIwJTIwJTIwJTNDc3BhbiUzRTAxLiUzQyUyRnNwYW4lM0UlMjBBdWZzY2h3dW5nJTIwaW0lMjBQaG90b3ZvbHRhaWstTWFya3QlM0ElMjAlMjAlMjAlMjAlMjAlMjAlMjAlMjAlMjAlMjAlMEElMjAlMjAlMjAlMjAlMjAlMjAlMjAlMjAlMjAlMjAlMjAlMjAlMjAlMjAlMjAlMjAlM0MlMkZwJTNF[\/vc_raw_html][vc_custom_heading text=&#8220;Digitales Marketing f\u00fcr mehr Erfolg&#8220; font_container=&#8220;tag:h2|font_size:48px|text_align:left|color:%23363d41&#8243; google_fonts=&#8220;font_family:Open%20Sans%3A300%2C300italic%2Cregular%2Citalic%2C600%2C600italic%2C700%2C700italic%2C800%2C800italic|font_style:800%20bold%20regular%3A800%3Anormal&#8220; el_class=&#8220;oms_hd&#8220;][vc_column_text css=&#8220;.vc_custom_1675336059786{margin-bottom: 0px !important;}&#8220;]Entdecken Sie das Potenzial f\u00fcr Ihr Photovoltaik-Unternehmen: In unserem Whitepaper &#8222;Aufschwung im Photovoltaik-Markt: Digitales Marketing f\u00fcr mehr Erfolg&#8220; zeigen wir Ihnen, wie Sie von dem aktuellen Wachstum im Photovoltaik-Markt [&hellip;]","og_url":"https:\/\/www.omsag.de\/proxy\/wissen\/downloads\/photovoltaik\/","og_site_name":"Online Marketing &amp; Suchmaschinenmarketing Agentur OMSAG","article_publisher":"https:\/\/www.facebook.com\/Online.Marketing.Solutions.AG","article_modified_time":"2023-05-24T09:31:11+00:00","og_image":[{"url":"https:\/\/www.omsag.de\/proxy\/wp-content\/uploads\/2019\/11\/cmichael-6788-683x1024.png"}],"twitter_card":"summary_large_image","twitter_misc":{"Gesch\u00e4tzte Lesezeit":"3\u00a0Minuten"},"schema":{"@context":"https:\/\/schema.org","@graph":[{"@type":"WebPage","@id":"https:\/\/www.omsag.de\/proxy\/wissen\/downloads\/photovoltaik\/","url":"https:\/\/www.omsag.de\/proxy\/wissen\/downloads\/photovoltaik\/","name":"Photovoltaik - Online Marketing &amp; Suchmaschinenmarketing Agentur OMSAG","isPartOf":{"@id":"https:\/\/www.omsag.de\/proxy\/#website"},"primaryImageOfPage":{"@id":"https:\/\/www.omsag.de\/proxy\/wissen\/downloads\/photovoltaik\/#primaryimage"},"image":{"@id":"https:\/\/www.omsag.de\/proxy\/wissen\/downloads\/photovoltaik\/#primaryimage"},"thumbnailUrl":"https:\/\/www.omsag.de\/proxy\/wp-content\/uploads\/2019\/11\/cmichael-6788-683x1024.png","datePublished":"2019-11-25T14:49:14+00:00","dateModified":"2023-05-24T09:31:11+00:00","breadcrumb":{"@id":"https:\/\/www.omsag.de\/proxy\/wissen\/downloads\/photovoltaik\/#breadcrumb"},"inLanguage":"de","potentialAction":[{"@type":"ReadAction","target":["https:\/\/www.omsag.de\/proxy\/wissen\/downloads\/photovoltaik\/"]}]},{"@type":"ImageObject","inLanguage":"de","@id":"https:\/\/www.omsag.de\/proxy\/wissen\/downloads\/photovoltaik\/#primaryimage","url":"https:\/\/www.omsag.de\/proxy\/wp-content\/uploads\/2019\/11\/cmichael-6788-683x1024.png","contentUrl":"https:\/\/www.omsag.de\/proxy\/wp-content\/uploads\/2019\/11\/cmichael-6788-683x1024.png"},{"@type":"BreadcrumbList","@id":"https:\/\/www.omsag.de\/proxy\/wissen\/downloads\/photovoltaik\/#breadcrumb","itemListElement":[{"@type":"ListItem","position":1,"name":"Startseite","item":"https:\/\/www.omsag.de\/proxy\/"},{"@type":"ListItem","position":2,"name":"Wissen","item":"https:\/\/www.omsag.de\/proxy\/wissen\/"},{"@type":"ListItem","position":3,"name":"Downloads","item":"https:\/\/www.omsag.de\/proxy\/wissen\/downloads\/"},{"@type":"ListItem","position":4,"name":"Photovoltaik"}]},{"@type":"WebSite","@id":"https:\/\/www.omsag.de\/proxy\/#website","url":"https:\/\/www.omsag.de\/proxy\/","name":"Online Marketing & Suchmaschinenmarketing Agentur OMSAG","description":"","publisher":{"@id":"https:\/\/www.omsag.de\/proxy\/#organization"},"potentialAction":[{"@type":"SearchAction","target":{"@type":"EntryPoint","urlTemplate":"https:\/\/www.omsag.de\/proxy\/?s={search_term_string}"},"query-input":"required name=search_term_string"}],"inLanguage":"de"},{"@type":"Organization","@id":"https:\/\/www.omsag.de\/proxy\/#organization","name":"OMSAG","url":"https:\/\/www.omsag.de\/proxy\/","logo":{"@type":"ImageObject","inLanguage":"de","@id":"https:\/\/www.omsag.de\/proxy\/#\/schema\/logo\/image\/","url":"https:\/\/www.omsag.de\/proxy\/wp-content\/uploads\/2020\/08\/oms-logo-1.jpg","contentUrl":"https:\/\/www.omsag.de\/proxy\/wp-content\/uploads\/2020\/08\/oms-logo-1.jpg","width":500,"height":148,"caption":"OMSAG"},"image":{"@id":"https:\/\/www.omsag.de\/proxy\/#\/schema\/logo\/image\/"},"sameAs":["https:\/\/www.facebook.com\/Online.Marketing.Solutions.AG","https:\/\/www.instagram.com\/omsag\/","https:\/\/de.linkedin.com\/company\/online-marketing-solutions-ag"]}]}},"_links":{"self":[{"href":"https:\/\/www.omsag.de\/proxy\/wp-json\/wp\/v2\/pages\/94594"}],"collection":[{"href":"https:\/\/www.omsag.de\/proxy\/wp-json\/wp\/v2\/pages"}],"about":[{"href":"https:\/\/www.omsag.de\/proxy\/wp-json\/wp\/v2\/types\/page"}],"author":[{"embeddable":true,"href":"https:\/\/www.omsag.de\/proxy\/wp-json\/wp\/v2\/users\/1"}],"replies":[{"embeddable":true,"href":"https:\/\/www.omsag.de\/proxy\/wp-json\/wp\/v2\/comments?post=94594"}],"version-history":[{"count":0,"href":"https:\/\/www.omsag.de\/proxy\/wp-json\/wp\/v2\/pages\/94594\/revisions"}],"up":[{"embeddable":true,"href":"https:\/\/www.omsag.de\/proxy\/wp-json\/wp\/v2\/pages\/95111"}],"wp:attachment":[{"href":"https:\/\/www.omsag.de\/proxy\/wp-json\/wp\/v2\/media?parent=94594"}],"curies":[{"name":"wp","href":"https:\/\/api.w.org\/{rel}","templated":true}]}}