{"id":94033,"date":"2019-07-31T15:08:51","date_gmt":"2019-07-31T13:08:51","guid":{"rendered":"https:\/\/www.omsag.de\/?page_id=94033"},"modified":"2020-09-01T11:25:43","modified_gmt":"2020-09-01T09:25:43","slug":"agb-bis-einschliesslich-31-07-2019","status":"publish","type":"page","link":"https:\/\/www.omsag.de\/proxy\/agb-bis-einschliesslich-31-07-2019\/","title":{"rendered":"AGB bis einschlie\u00dflich 31.07.2019"},"content":{"rendered":"<div class=\"wpb-content-wrapper\">[vc_row][vc_column][vc_column_text css=&#8220;.vc_custom_1564578529203{margin-bottom: 0px !important;}&#8220;]\n<h3>Unsere AGB bis einschlie\u00dflich 31.07.2019<\/h3>\n<h3>\u00a7 1 ALLGEMEIN<\/h3>\n<ol>\n<li>Folgende Allgemeine Gesch\u00e4ftsbedingungen (AGB), sind Bestandteil aller Vertr\u00e4ge mit der Online Marketing Solutions AG, omsag.de (nachfolgend \u201eOMS AG\u201c genannt).<\/li>\n<li>Alle vereinbarten Dienstleistungen erfolgen zu nachstehenden Bedingungen. OMS AG erbringt f\u00fcr Kunden Dienstleistungen im Bereich der Vermarktung von Webseiten im Internet sowie sonstigen Internetdienstleistungen im weiteren Sinne.<\/li>\n<li>Es gelten ausschlie\u00dflich die AGB der OMS AG, abweichende AGB des Kunden werden nicht anerkannt. Der Kunde hat sich im \u00dcbrigen mit der Geltung dieser AGB einverstanden erkl\u00e4rt und diese ebenso im vollen Umfang anerkannt.<\/li>\n<\/ol>\n<h3>\u00a7 2 VERTRAGSABSCHLUSS UND VERTRAGSPARTNER<\/h3>\n<ol>\n<li>Mit dem Ausf\u00fcllen und Unterschreiben eines oder mehrerer Auftragsformulare durch den Kunden, kommt der Vertrag nach Auftragsbest\u00e4tigung zustande. Der Vertrag wird stets mit der Online Marketing Solutions AG geschlossen.<\/li>\n<li>Angebote sind freibleibend und unverbindlich. OMS AG ist berechtigt, Subunternehmer mit der Erf\u00fcllung einzelner oder aller vertraglicher Pflichten zu betrauen. Der Kunde hat wesentliche \u00c4nderungen in seinem Umfeld (Firma, Anschrift, Rechtsform, USt ID,\u2026) unverz\u00fcglich OMS AG mitzuteilen. L\u00e4sst diese \u00c4nderung eine erschwerte Durchsetzbarkeit von Anspr\u00fcchen durch OMS AG zu erwarten, so kann diese Vorauszahlung des vereinbarten Entgelts verlangen.<\/li>\n<li>Die \u00dcbertragung von Rechten und Pflichten aus einem Vertrag mit OMS AG durch den Kunden auf einen Dritten, bedarf der vorherigen schriftlichen Zustimmung durch OMS AG. Bei Inhaberwechsel oder Ver\u00e4u\u00dferung der zu optimierenden Seite ist die Dienstleistung, ohne Zustimmung seitens der OMS AG, ebenfalls nicht \u00fcbertragbar. In diesem Fall beh\u00e4lt sich die OMS AG das Recht vor, dem Kunden die laufenden Kosten der Optimierung gem\u00e4\u00df dem laufenden Vertrag weiterhin zu berechnen.<\/li>\n<\/ol>\n<h3>\u00a7 3 PREISE<\/h3>\n<ol>\n<li>Ma\u00dfgebend sind die individuell vereinbarten Preise gem\u00e4\u00df Auftragsschreiben bei Auftragserteilung. Mitarbeiter und\/oder Beauftragte der OMS AG, k\u00f6nnen keine von den Leistungsbeschreibungen, Tarifen sowie von diesen AGB abweichende Vereinbarungen treffen, es sei denn, diese Abweichungen sind durch eine besondere Aktion bzw. ein Angebot limitiert.<\/li>\n<li>Alle Preise sind in Euro und verstehen sich zuz\u00fcglich der gesetzlichen Mehrwertsteuer. Der Preis f\u00fcr die vereinbarte Dienstleistung, setzt sich aus einer einmaligen Einrichtungsgeb\u00fchr und den monatlichen Beitr\u00e4gen zusammen.<\/li>\n<\/ol>\n<h3>\u00a7 4 ZAHLUNGEN<\/h3>\n<ol>\n<li>Die Bezahlung erfolgt grunds\u00e4tzlich per Einzugserm\u00e4chtigung oder Kreditkarte, entsprechend der Vereinbarung in den Auftragsschreiben. In Ausnahmef\u00e4llen kann eine befristete Rechnungszahlung durch OMS AG genehmigt werden. Die Rechnungsstellung erfolgt jeweils im Voraus, gem\u00e4\u00df den Preisen der Auftragsschreiben und den dort vereinbarten Konditionen. Wird der zu zahlende Betrag seitens OMS AG bei dem Kunden eingezogen, so gilt abweichend von der gesetzlichen Regelung, dass die Vorabinformation (Pre-Notification) dem Kunden einen bis drei Tage im Voraus vorliegen muss.<\/li>\n<li>Der Rechnungsbetrag ist jeweils sofort und ohne Abzug nach Erhalt der Rechnung f\u00e4llig und wird von OMS AG eingezogen. Zahlungseingang ist gegeben, wenn der f\u00e4llige Betrag bei OMS AG gutgeschrieben wurde. Die vereinbarte Einrichtungsgeb\u00fchr ist sofort nach Auftragserteilung f\u00e4llig, die monatlichen Bearbeitungsgeb\u00fchren jeweils zu Beginn eines Monats. Abweichende Vereinbarungen \u00fcber F\u00e4lligkeit und Abz\u00fcge bed\u00fcrfen der Schriftform.<\/li>\n<li>Sollte der Kunde mit der Zahlung von insgesamt zwei Raten im Verzug sein, so werden die f\u00fcr die gesamte Laufzeit anfallenden Kosten sofort f\u00e4llig. Ger\u00e4t der Kunde mit seiner Zahlungsverpflichtung in Verzug, so ist OMS AG berechtigt, den Vertrag mit sofortiger Wirkung auszusetzen und seine Arbeiten einzustellen, bis der Kunde seiner Zahlungsverpflichtung nachkommt oder den Vertrag mit sofortiger Wirkung zu beenden. Das Wahlrecht obliegt OMS AG. Der Rechtsweg bleibt unber\u00fchrt.<\/li>\n<li>Die Aufrechnung mit Gegenforderungen ist nur zul\u00e4ssig, wenn OMS AG die Gegenforderung anerkennt oder diese rechtskr\u00e4ftig festgestellt ist. Der Kunde verzichtet auf die Geltendmachung eines Zur\u00fcckbehaltungsrechts aus fr\u00fcheren oder anderen Gesch\u00e4ften aus einer Gesch\u00e4ftsverbindung mit OMS AG. Alle Zahlungen werden grunds\u00e4tzlich auf die \u00e4lteste Schuld angerechnet, unabh\u00e4ngig von anders lautenden Bestimmungen des Kunden. Teilleistungen k\u00f6nnen gesondert in Rechnung gestellt werden.<\/li>\n<li>OMS AG berechnet dem Kunden eine Bearbeitungsgeb\u00fchr von \u20ac 15,00 sobald dieser mit seiner Zahlung in Verzug ger\u00e4t.<\/li>\n<\/ol>\n<h3>\u00a7 5 DATEN<\/h3>\n<ol>\n<li>OMS AG pr\u00fcft und \u00fcberwacht nicht, ob die angemeldeten Inhalte oder die Seiten des Kunden, Rechte Dritter verletzen oder gem\u00e4\u00df den Richtlinien der einzelnen Suchmaschinenbetreiber aufgebaut sind. F\u00fcr eine m\u00f6gliche Abstrafung von Seiten Dritter ist allein der Kunde verantwortlich. Der Kunde ist ebenfalls f\u00fcr die rechtliche Zul\u00e4ssigkeit der von ihm angemeldeten Inhalte seiner Seiten sowie f\u00fcr die von ihm gelieferten Informationen, insbesondere der Suchbegriffe, Keywords, zu optimierenden Begriffe und Texte, alleine verantwortlich. Gleiches gilt f\u00fcr den Schutz der Rechte und der Freiheit Dritter, insbesondere in urheberrechtlicher, wettbewerbsrechtlicher und strafrechtlicher Hinsicht. Dies gilt auch f\u00fcr vom Kunden ausgew\u00e4hlte Suchbegriffe, Keywords, zu optimierender Begriffe und Texte, die auf einen Vorschlag der OMS AG im Rahmen der Analysephase zur\u00fcckgehen. Auch f\u00fcr diese Inhalte ist allein der Kunde verantwortlich.<\/li>\n<\/ol>\n<h3>\u00a7 6 DATENSCHUTZ<\/h3>\n<ol>\n<li>Der Kunde erkl\u00e4rt sich damit einverstanden, dass im Rahmen des mit ihm abgeschlossenen Vertrages, Daten \u00fcber seine Person gespeichert, ge\u00e4ndert und\/oder gel\u00f6scht und im Rahmen der Notwendigkeit an Dritte \u00fcbermittelt werden d\u00fcrfen. Dies gilt insbesondere f\u00fcr die \u00dcbermittlung von Daten, die f\u00fcr die Anmeldung und\/oder \u00c4nderung einer Domain in Suchmaschinen, Katalogen und Listen notwendig sind, wobei diese anschlie\u00dfend \u00f6ffentlich werden k\u00f6nnen. F\u00fcr alle anderen Kundendaten verpflichtet sich OMS AG, die Weitergabe an Dritte zu unterlassen.<\/li>\n<\/ol>\n<h3>\u00a7 7 VERTRAGSLAUFZEIT UND K\u00dcNDIGUNG<\/h3>\n<ol>\n<li>Vertr\u00e4ge haben eine vereinbarte Mindestvertragslaufzeit und K\u00fcndigungsfrist. Der Kunde kann gem\u00e4\u00df der, auf dem Auftragsformular festgelegten K\u00fcndigungsfrist, den Vertrag ohne Angabe von Gr\u00fcnden ordentlich zum Ende der jeweiligen Vertragslaufzeit k\u00fcndigen. Die K\u00fcndigung hat schriftlich zu erfolgen und muss an OMS AG \u00fcbersandt werden. F\u00fcr die Wahrung der Frist kommt es auf den Zugang und nicht die Absendung der K\u00fcndigung an.<\/li>\n<li>Wird der Vertrag seitens des Kunden nicht binnen der vereinbarten Frist gek\u00fcndigt, verl\u00e4ngert sich der Vertrag jeweils automatisch, um die vereinbarte Mindestvertragslaufzeit. Das Recht zur au\u00dferordentlichen K\u00fcndigung bleibt hiervon unber\u00fchrt.<\/li>\n<li>S\u00e4mtliche Konditionen, die bei Vertragsabschluss vereinbart wurden, bleiben f\u00fcr das gesamte Vertragsverh\u00e4ltnis bestehen. OMS AG beh\u00e4lt sich das Recht vor, bereits laufende Vertr\u00e4ge ohne Angabe von Gr\u00fcnden zu k\u00fcndigen, indem OMS AG dieses dem betreffenden Kunden schriftlich auf dem Postwege mitteilt.<\/li>\n<\/ol>\n<h3>\u00a7 8 URHEBERRECHT<\/h3>\n<ol>\n<li>F\u00fcr den Inhalt seiner Webseite ist ausschlie\u00dflich der Kunde verantwortlich. Dies gilt insbesondere im Hinblick auf Urheber-, Jugendschutz-, Telemedien-, Presse-, Marken-, Wettbewerbsrecht und das Recht am eigenen Bild. Das Urheberrecht auf alle durch OMS AG erstellten Arbeiten verbleibt bei OMS AG.<\/li>\n<li>Meldet OMS AG f\u00fcr den Kunden eine Domain auf dessen Namen an, r\u00e4umt der Kunde OMS AG hiermit das Recht ein, die Domain im Falle der K\u00fcndigung einer der Parteien oder im Falle des Zahlungsverzugs seitens des Kunden, jederzeit auf den eigenen oder einen dritten Namen zu \u00fcbertragen oder bei der Registrierungsstelle abzumelden.<\/li>\n<\/ol>\n<h3>\u00a7 9 GEW\u00c4HRLEISTUNG UND LEISTUNGSST\u00d6RUNG<\/h3>\n<ol>\n<li>Die Gew\u00e4hrleistungsfrist f\u00fcr die durch OMS AG erbrachten Dienstleistungen, betr\u00e4gt sechs Monate. M\u00e4ngelr\u00fcgen haben unverz\u00fcglich und schriftlich zu erfolgen und sind von dem Kunden stets aussagekr\u00e4ftig darzustellen, insbesondere unter Protokollierung angezeigter Fehlermeldungen. Der Kunde hat OMS AG bei einer m\u00f6glichen M\u00e4ngelbeseitigung nach allen Kr\u00e4ften zu unterst\u00fctzen und vor einer Fehlerbeseitigung Programme, Daten und Datentr\u00e4ger vollst\u00e4ndig zu sichern. OMS AG haftet daher nicht f\u00fcr Daten- und Programmverluste.<\/li>\n<li>Kann der Mangel nach zwei wiederholten Versuchen und nach Setzung einer Nachfrist von vier Wochen nicht behoben werden, ist der Kunde berechtigt, den Vertrag schriftlich mit sofortiger Wirkung zu k\u00fcndigen; dar\u00fcber hinausgehende Schadenersatzanspr\u00fcche erwachsen dem Kunden nicht.<\/li>\n<li>Von der Gew\u00e4hrleistung ausgeschlossen sind grunds\u00e4tzlich solche Fehler und M\u00e4ngel, die durch \u00e4u\u00dfere Einfl\u00fcsse (einschlie\u00dflich unbefugter Zugriffe \u00fcber das Internet), Bedienungsfehler, Komponenten bzw. Produkte Dritter, Trojaner, Computerw\u00fcrmer, Computerviren \u2013 welcher Art auch immer \u2013 oder nicht von OMS AG durchgef\u00fchrte \u00c4nderungen, Erg\u00e4nzungen, Ein- oder Ausbauten, Reparaturversuche oder sonstige Manipulationen entstanden sind.<\/li>\n<li>Ist f\u00fcr OMS AG die fristgerechte Leistungserbringung unm\u00f6glich oder erschwert, aufgrund von funktionsunt\u00fcchtiger Kommunikations- oder Medienleitungen, Stromausfall, Serverausfall, welche OMS AG nicht zu verantworten hat oder durch Streik oder h\u00f6here Gewalt, so ist OMS AG nicht zur Leistung verpflichtet.<\/li>\n<li>Dem Kunden ist bewusst, dass die meisten Suchmaschinenanbieter nach ihren Richtlinien jederzeit dazu berechtigt sind, einzelne Webseiten aus ihrem Suchangebot zu l\u00f6schen oder den Suchalgorithmus zu \u00e4ndern. F\u00fcr eine solche Vorgehensweise kann OMS AG keine Haftung \u00fcbernehmen. Der Kunde versichert, dass er nur seine Internetadresse(n) registrieren bzw. optimieren l\u00e4sst oder im Auftrag von Dritten handelt und in deren Einverst\u00e4ndnis. Sollten dennoch Sch\u00e4den an Webseiten Dritter entstehen oder sollte es zu Regresszahlungen kommen, kann immer nur der Kunde verantwortlich gemacht werden.<\/li>\n<\/ol>\n<h3>\u00a7 10 LEISTUNGEN<\/h3>\n<ol>\n<li>Alle Leistungsvereinbarungen bed\u00fcrfen der Schriftform. Sobald OMS AG den Eingang der vereinbarten Zahlungen verzeichnet hat und alle notwendigen Daten durch den Kunden an OMS AG \u00fcbermittelt wurden (gem\u00e4\u00df \u00a7 11), beginnt OMS AG mit der Ausf\u00fchrung der vereinbarten Leistungen, gem\u00e4\u00df Auftragsschreiben und Leistungsbeschreibung.<\/li>\n<li>Dem Kunden ist bewusst, dass die Platzierung der zu optimierenden Webseite in den Suchmaschinen nicht von OMS AG garantiert werden kann, da dies einzig im Ermessen des jeweiligen Suchmaschinenbetreibers liegt. Dem Kunden ist auch bewusst, dass sich erreichte Platzierungen jederzeit \u00e4ndern k\u00f6nnen, bspw. aufgrund von durchgef\u00fchrten Suchalgorithmus-\u00c4nderungen durch die Suchmaschinenbetreiber. OMS AG schuldet jedoch nicht die Erreichung von Zielen, welche sich der Kunde selbst gesetzt hat; bspw. die Erh\u00f6hung seiner Ums\u00e4tze, l\u00e4ngeres Verbleiben auf seiner Webseite durch Besucher, o.\u00e4.<\/li>\n<li>OMS AG entsch\u00e4digt den Kunden nicht im Falle einer Nichtver\u00f6ffentlichung oder L\u00f6schung (auch aus Gr\u00fcnden einer Suchmaschinenrichtlinien\u00fcbertretung) seiner Webseite, seitens einer oder mehrerer Suchmaschinen, da dies einzig im Ermessen der Suchmaschinenbetreiber liegt.<\/li>\n<li>F\u00fcr Daten, die auf dem Server von OMS AG liegen, beh\u00e4lt sich OMS AG das Recht vor, diese zu eigenen Zwecken weiter zu verwenden.<\/li>\n<\/ol>\n<h3>\u00a7 11 PFLICHTEN DES KUNDEN<\/h3>\n<ol>\n<li>Voraussetzung f\u00fcr die Erbringung der vereinbarten Dienstleistung ist, dass alle relevanten Daten seitens des Kunden in schriftlicher Form an OMS AG zur Verf\u00fcgung gestellt werden. F\u00fcr die Dienstleistung relevante Daten sind: Zugangsdaten zu dem Trackingsystem des Kunden, Zugriffsdaten auf den Webspace sowie CMS und\/oder Shop System des Homepagebetreibers Suchbegriffe und Suchbegriffskombinationen, gegebenenfalls Textvorgaben sowie die zwingend erforderliche Freigabe der seitens OMS AG erstellten Texte (Textbeschreibungen zu den Suchbegriffen und Suchbegriffskombinationen).<\/li>\n<li>Sollte OMS AG die Daten der Optimierung auf der Internetseite des Kunden einpflegen, muss der Kunde die vollen Lesen- und Schreibrechte auf den Speicherplatz der Website (Server\/FTP) zur Verf\u00fcgung stellen sowie \u2013 falls ein Content Management System (CMS) oder Shop-System genutzt wird \u2013 die Zugangsdaten mit den Administrator-Rechten zum Administrations-Bereich des selbigen. Geschieht dies binnen einer gesetzten Frist nicht, geht OMS AG davon aus, dass der Kunde die Daten selbst einpflegt und wird dies nicht mehr vornehmen. F\u00fcr die Dauer der Vertragslaufzeit, werden die erstellten Daten dem Kunden auf seinem Kundenkonto zur weiteren Verwendung bereit gestellt. Ferner muss der Kunde, sollte OMS AG die Daten auf seiner Seite einpflegen, \u00c4nderungen o.g. notwendiger Daten, OMS AG unverz\u00fcglich mitteilen. Hieraus entstehende Verz\u00f6gerungen der Leistungserbringung k\u00f6nnen dann nicht zu Lasten OMS AG gehen. Sollte es OMS AG aus technischer Sicht nicht m\u00f6glich sein, die Daten auf dem System des Kunden einzupflegen, weil dieser ein lokales Homepage-System verwendet, \u00fcber welches man nur \u00fcber den PC des Kunden \u00c4nderungen einpflegen kann, so muss der Kunde die Daten selbst einpflegen.<\/li>\n<li>Die Angaben des Kunden \u00fcber sein bestehendes EDV-System, beabsichtigte Hardware-Erweiterungen oder funktionale Aspekte, sind von OMS AG nicht auf ihre Richtigkeit zu pr\u00fcfen. F\u00fcr diese Angaben ist alleine der Kunde verantwortlich.<\/li>\n<li>Kommt der Kunden seinen Pflichten trotz einer gesetzten Frist nicht nach, kann OMS AG seine Dienstleistungen nicht oder nur eingeschr\u00e4nkt erbringen. Dies hat zur Folge, dass die Optimierungsma\u00dfnahmen gar nicht oder nur sehr verz\u00f6gert zum Tragen kommen.<\/li>\n<li>Gem\u00e4\u00df der EU-DSGVO sind f\u00fcr die Verarbeitung personenbezogener Daten im Auftrag des Kunden (\u201eAuftragsverarbeitung\u201c) in der Europ\u00e4ischen Union bestimmte Vertragsvorschriften einzuhalten. Sollte der abgeschlossene Vertrag zwischen dem Kunden und der OMS AG die Verarbeitung personenbezogener Daten beinhalten, so ist der Abschluss einer schriftlichen bzw. elektronischen Vereinbarung \u00fcber die entsprechende Auftragsverarbeitung zwischen dem Kunden und der OMS AG verpflichtend.<\/li>\n<\/ol>\n<h3>\u00a7 12 GEHEIMHALTUNG<\/h3>\n<ol>\n<li>Der Kunde verpflichtet sich, alle ihm bei der Vertragsdurchf\u00fchrung durch OMS AG oder im Auftrag von OMS AG handelnden Personen zugehenden oder bekannt werdenden Gesch\u00e4fts- und Betriebsgeheimnisse, Vertragskonditionen oder weitere Informationen geheim zu halten, soweit diese nicht allgemein bekannt sind. Dies gilt insbesondere f\u00fcr Informationen \u00fcber Suchgewohnheiten und Technologien der Suchmaschinen sowie f\u00fcr solche Informationen, welche die allgemeine Vorgehensweise oder die Korrespondenz mit der OMS AG betreffen. Diese Verpflichtung gilt zudem auch w\u00e4hrend zwei Jahren \u00fcber das Vertragsende hinaus.<\/li>\n<\/ol>\n<h3>\u00a7 13 ERF\u00dcLLUNGSORT UND GERICHTSSTAND<\/h3>\n<ol>\n<li>Erf\u00fcllungsort ist Frankfurt am Main.<\/li>\n<li>F\u00fcr Rechtsstreitigkeiten aus oder im Zusammenhang mit diesem Vertrag gilt ausschlie\u00dflich deutsches Recht, unter Ausschluss des UN-Kaufrechts.<\/li>\n<li>Ist der Kunde Kaufmann, eine juristische Person des \u00f6ffentlichen Rechts oder ein \u00f6ffentlich-rechtliches Sonderverm\u00f6gen oder hat der Kunde keinen st\u00e4ndigen Wohnsitz im Inland, so ist Gerichtsstand f\u00fcr die Rechtsstreitigkeiten aus oder im Zusammenhang mit diesem Vertrag, Frankfurt am Main.<\/li>\n<\/ol>\n<h3>\u00a7 14 SCHLUSSBESTIMMUNGEN<\/h3>\n<ol>\n<li>Bei Unklarheiten oder Widerspr\u00fcchen gilt, dass zun\u00e4chst die jeweiligen Auftr\u00e4ge, nebst Leistungsbeschreibung Vorrang haben und sodann diese AGB.<\/li>\n<\/ol>\n<p><strong>Stand: 25.05.2018<\/strong>[\/vc_column_text][\/vc_column][\/vc_row]\n<\/div>","protected":false},"excerpt":{"rendered":"<p>[vc_row][vc_column][vc_column_text css=&#8220;.vc_custom_1564578529203{margin-bottom: 0px !important;}&#8220;] Unsere AGB bis einschlie\u00dflich 31.07.2019 \u00a7 1 ALLGEMEIN Folgende Allgemeine Gesch\u00e4ftsbedingungen (AGB), sind Bestandteil aller Vertr\u00e4ge mit der Online Marketing Solutions AG, omsag.de (nachfolgend \u201eOMS AG\u201c genannt). Alle vereinbarten Dienstleistungen erfolgen zu nachstehenden Bedingungen. OMS AG erbringt f\u00fcr Kunden Dienstleistungen im Bereich der Vermarktung von Webseiten im Internet sowie sonstigen Internetdienstleistungen [&hellip;]<\/p>\n","protected":false},"author":1,"featured_media":0,"parent":0,"menu_order":0,"comment_status":"closed","ping_status":"closed","template":"","meta":{"content-type":"","footnotes":""},"yoast_head":"<!-- This site is optimized with the Yoast SEO plugin v22.8 - https:\/\/yoast.com\/wordpress\/plugins\/seo\/ -->\n<title>OMSAG AGBs bis einschlie\u00dflich 31.07.2019<\/title>\n<meta name=\"robots\" content=\"index, follow, max-snippet:-1, max-image-preview:large, max-video-preview:-1\" \/>\n<link rel=\"canonical\" href=\"https:\/\/www.omsag.de\/proxy\/agb-bis-einschliesslich-31-07-2019\/\" \/>\n<meta property=\"og:locale\" content=\"de_DE\" \/>\n<meta property=\"og:type\" content=\"article\" \/>\n<meta property=\"og:title\" content=\"OMSAG AGBs bis einschlie\u00dflich 31.07.2019\" \/>\n<meta property=\"og:description\" content=\"[vc_row][vc_column][vc_column_text css=&#8220;.vc_custom_1564578529203{margin-bottom: 0px !important;}&#8220;] Unsere AGB bis einschlie\u00dflich 31.07.2019 \u00a7 1 ALLGEMEIN Folgende Allgemeine Gesch\u00e4ftsbedingungen (AGB), sind Bestandteil aller Vertr\u00e4ge mit der Online Marketing Solutions AG, omsag.de (nachfolgend \u201eOMS AG\u201c genannt). Alle vereinbarten Dienstleistungen erfolgen zu nachstehenden Bedingungen. OMS AG erbringt f\u00fcr Kunden Dienstleistungen im Bereich der Vermarktung von Webseiten im Internet sowie sonstigen Internetdienstleistungen [&hellip;]\" \/>\n<meta property=\"og:url\" content=\"https:\/\/www.omsag.de\/proxy\/agb-bis-einschliesslich-31-07-2019\/\" \/>\n<meta property=\"og:site_name\" content=\"Online Marketing &amp; Suchmaschinenmarketing Agentur OMSAG\" \/>\n<meta property=\"article:publisher\" content=\"https:\/\/www.facebook.com\/Online.Marketing.Solutions.AG\" \/>\n<meta property=\"article:modified_time\" content=\"2020-09-01T09:25:43+00:00\" \/>\n<meta name=\"twitter:card\" content=\"summary_large_image\" \/>\n<meta name=\"twitter:label1\" content=\"Gesch\u00e4tzte Lesezeit\" \/>\n\t<meta name=\"twitter:data1\" content=\"11\u00a0Minuten\" \/>\n<script type=\"application\/ld+json\" class=\"yoast-schema-graph\">{\"@context\":\"https:\/\/schema.org\",\"@graph\":[{\"@type\":\"WebPage\",\"@id\":\"https:\/\/www.omsag.de\/proxy\/agb-bis-einschliesslich-31-07-2019\/\",\"url\":\"https:\/\/www.omsag.de\/proxy\/agb-bis-einschliesslich-31-07-2019\/\",\"name\":\"OMSAG AGBs bis einschlie\u00dflich 31.07.2019\",\"isPartOf\":{\"@id\":\"https:\/\/www.omsag.de\/proxy\/#website\"},\"datePublished\":\"2019-07-31T13:08:51+00:00\",\"dateModified\":\"2020-09-01T09:25:43+00:00\",\"breadcrumb\":{\"@id\":\"https:\/\/www.omsag.de\/proxy\/agb-bis-einschliesslich-31-07-2019\/#breadcrumb\"},\"inLanguage\":\"de\",\"potentialAction\":[{\"@type\":\"ReadAction\",\"target\":[\"https:\/\/www.omsag.de\/proxy\/agb-bis-einschliesslich-31-07-2019\/\"]}]},{\"@type\":\"BreadcrumbList\",\"@id\":\"https:\/\/www.omsag.de\/proxy\/agb-bis-einschliesslich-31-07-2019\/#breadcrumb\",\"itemListElement\":[{\"@type\":\"ListItem\",\"position\":1,\"name\":\"Startseite\",\"item\":\"https:\/\/www.omsag.de\/proxy\/\"},{\"@type\":\"ListItem\",\"position\":2,\"name\":\"AGB bis einschlie\u00dflich 31.07.2019\"}]},{\"@type\":\"WebSite\",\"@id\":\"https:\/\/www.omsag.de\/proxy\/#website\",\"url\":\"https:\/\/www.omsag.de\/proxy\/\",\"name\":\"Online Marketing & Suchmaschinenmarketing Agentur OMSAG\",\"description\":\"\",\"publisher\":{\"@id\":\"https:\/\/www.omsag.de\/proxy\/#organization\"},\"potentialAction\":[{\"@type\":\"SearchAction\",\"target\":{\"@type\":\"EntryPoint\",\"urlTemplate\":\"https:\/\/www.omsag.de\/proxy\/?s={search_term_string}\"},\"query-input\":\"required name=search_term_string\"}],\"inLanguage\":\"de\"},{\"@type\":\"Organization\",\"@id\":\"https:\/\/www.omsag.de\/proxy\/#organization\",\"name\":\"OMSAG\",\"url\":\"https:\/\/www.omsag.de\/proxy\/\",\"logo\":{\"@type\":\"ImageObject\",\"inLanguage\":\"de\",\"@id\":\"https:\/\/www.omsag.de\/proxy\/#\/schema\/logo\/image\/\",\"url\":\"https:\/\/www.omsag.de\/proxy\/wp-content\/uploads\/2020\/08\/oms-logo-1.jpg\",\"contentUrl\":\"https:\/\/www.omsag.de\/proxy\/wp-content\/uploads\/2020\/08\/oms-logo-1.jpg\",\"width\":500,\"height\":148,\"caption\":\"OMSAG\"},\"image\":{\"@id\":\"https:\/\/www.omsag.de\/proxy\/#\/schema\/logo\/image\/\"},\"sameAs\":[\"https:\/\/www.facebook.com\/Online.Marketing.Solutions.AG\",\"https:\/\/www.instagram.com\/omsag\/\",\"https:\/\/de.linkedin.com\/company\/online-marketing-solutions-ag\"]}]}<\/script>\n<!-- \/ Yoast SEO plugin. -->","yoast_head_json":{"title":"OMSAG AGBs bis einschlie\u00dflich 31.07.2019","robots":{"index":"index","follow":"follow","max-snippet":"max-snippet:-1","max-image-preview":"max-image-preview:large","max-video-preview":"max-video-preview:-1"},"canonical":"https:\/\/www.omsag.de\/proxy\/agb-bis-einschliesslich-31-07-2019\/","og_locale":"de_DE","og_type":"article","og_title":"OMSAG AGBs bis einschlie\u00dflich 31.07.2019","og_description":"[vc_row][vc_column][vc_column_text css=&#8220;.vc_custom_1564578529203{margin-bottom: 0px !important;}&#8220;] Unsere AGB bis einschlie\u00dflich 31.07.2019 \u00a7 1 ALLGEMEIN Folgende Allgemeine Gesch\u00e4ftsbedingungen (AGB), sind Bestandteil aller Vertr\u00e4ge mit der Online Marketing Solutions AG, omsag.de (nachfolgend \u201eOMS AG\u201c genannt). Alle vereinbarten Dienstleistungen erfolgen zu nachstehenden Bedingungen. OMS AG erbringt f\u00fcr Kunden Dienstleistungen im Bereich der Vermarktung von Webseiten im Internet sowie sonstigen Internetdienstleistungen [&hellip;]","og_url":"https:\/\/www.omsag.de\/proxy\/agb-bis-einschliesslich-31-07-2019\/","og_site_name":"Online Marketing &amp; Suchmaschinenmarketing Agentur OMSAG","article_publisher":"https:\/\/www.facebook.com\/Online.Marketing.Solutions.AG","article_modified_time":"2020-09-01T09:25:43+00:00","twitter_card":"summary_large_image","twitter_misc":{"Gesch\u00e4tzte Lesezeit":"11\u00a0Minuten"},"schema":{"@context":"https:\/\/schema.org","@graph":[{"@type":"WebPage","@id":"https:\/\/www.omsag.de\/proxy\/agb-bis-einschliesslich-31-07-2019\/","url":"https:\/\/www.omsag.de\/proxy\/agb-bis-einschliesslich-31-07-2019\/","name":"OMSAG AGBs bis einschlie\u00dflich 31.07.2019","isPartOf":{"@id":"https:\/\/www.omsag.de\/proxy\/#website"},"datePublished":"2019-07-31T13:08:51+00:00","dateModified":"2020-09-01T09:25:43+00:00","breadcrumb":{"@id":"https:\/\/www.omsag.de\/proxy\/agb-bis-einschliesslich-31-07-2019\/#breadcrumb"},"inLanguage":"de","potentialAction":[{"@type":"ReadAction","target":["https:\/\/www.omsag.de\/proxy\/agb-bis-einschliesslich-31-07-2019\/"]}]},{"@type":"BreadcrumbList","@id":"https:\/\/www.omsag.de\/proxy\/agb-bis-einschliesslich-31-07-2019\/#breadcrumb","itemListElement":[{"@type":"ListItem","position":1,"name":"Startseite","item":"https:\/\/www.omsag.de\/proxy\/"},{"@type":"ListItem","position":2,"name":"AGB bis einschlie\u00dflich 31.07.2019"}]},{"@type":"WebSite","@id":"https:\/\/www.omsag.de\/proxy\/#website","url":"https:\/\/www.omsag.de\/proxy\/","name":"Online Marketing & Suchmaschinenmarketing Agentur OMSAG","description":"","publisher":{"@id":"https:\/\/www.omsag.de\/proxy\/#organization"},"potentialAction":[{"@type":"SearchAction","target":{"@type":"EntryPoint","urlTemplate":"https:\/\/www.omsag.de\/proxy\/?s={search_term_string}"},"query-input":"required name=search_term_string"}],"inLanguage":"de"},{"@type":"Organization","@id":"https:\/\/www.omsag.de\/proxy\/#organization","name":"OMSAG","url":"https:\/\/www.omsag.de\/proxy\/","logo":{"@type":"ImageObject","inLanguage":"de","@id":"https:\/\/www.omsag.de\/proxy\/#\/schema\/logo\/image\/","url":"https:\/\/www.omsag.de\/proxy\/wp-content\/uploads\/2020\/08\/oms-logo-1.jpg","contentUrl":"https:\/\/www.omsag.de\/proxy\/wp-content\/uploads\/2020\/08\/oms-logo-1.jpg","width":500,"height":148,"caption":"OMSAG"},"image":{"@id":"https:\/\/www.omsag.de\/proxy\/#\/schema\/logo\/image\/"},"sameAs":["https:\/\/www.facebook.com\/Online.Marketing.Solutions.AG","https:\/\/www.instagram.com\/omsag\/","https:\/\/de.linkedin.com\/company\/online-marketing-solutions-ag"]}]}},"_links":{"self":[{"href":"https:\/\/www.omsag.de\/proxy\/wp-json\/wp\/v2\/pages\/94033"}],"collection":[{"href":"https:\/\/www.omsag.de\/proxy\/wp-json\/wp\/v2\/pages"}],"about":[{"href":"https:\/\/www.omsag.de\/proxy\/wp-json\/wp\/v2\/types\/page"}],"author":[{"embeddable":true,"href":"https:\/\/www.omsag.de\/proxy\/wp-json\/wp\/v2\/users\/1"}],"replies":[{"embeddable":true,"href":"https:\/\/www.omsag.de\/proxy\/wp-json\/wp\/v2\/comments?post=94033"}],"version-history":[{"count":0,"href":"https:\/\/www.omsag.de\/proxy\/wp-json\/wp\/v2\/pages\/94033\/revisions"}],"wp:attachment":[{"href":"https:\/\/www.omsag.de\/proxy\/wp-json\/wp\/v2\/media?parent=94033"}],"curies":[{"name":"wp","href":"https:\/\/api.w.org\/{rel}","templated":true}]}}