{"id":89526,"date":"2018-09-26T10:15:04","date_gmt":"2018-09-26T08:15:04","guid":{"rendered":"https:\/\/www.omsag.de\/?page_id=89526"},"modified":"2023-05-24T11:26:43","modified_gmt":"2023-05-24T09:26:43","slug":"seo-wettbewerbe","status":"publish","type":"page","link":"https:\/\/www.omsag.de\/proxy\/seo-wettbewerbe\/","title":{"rendered":"SEO Wettbewerbe"},"content":{"rendered":"<div class=\"wpb-content-wrapper\">[mk_page_section bg_image=&#8220;https:\/\/www.omsag.de\/proxy\/wp-content\/uploads\/2018\/09\/breadcrumb-bg.jpg&#8220; enable_3d=&#8220;true&#8220; padding_top=&#8220;50&#8243; padding_bottom=&#8220;0&#8243; has_bottom_shape_divider=&#8220;true&#8220; sidebar=&#8220;sidebar-1&#8243;][vc_column][vc_custom_heading text=&#8220;SEO-Wettbewerbe&#8220; font_container=&#8220;tag:h2|text_align:center|color:%23ffffff&#8220; use_theme_fonts=&#8220;yes&#8220;][\/vc_column][\/mk_page_section][vc_row css=&#8220;.vc_custom_1537950184079{margin-bottom: 0px !important;padding-top: 50px !important;padding-bottom: 50px !important;}&#8220;][vc_column][vc_custom_heading text=&#8220;Erfolge der OMSAG in SEO-Wettbewerben&#8220; font_container=&#8220;tag:h1|text_align:center&#8220; use_theme_fonts=&#8220;yes&#8220; css=&#8220;.vc_custom_1539333930613{padding-bottom: 0px !important;}&#8220;][vc_single_image image=&#8220;90452&#8243; img_size=&#8220;full&#8220; alignment=&#8220;center&#8220; css=&#8220;.vc_custom_1539333901785{margin-bottom: 3px !important;}&#8220;][vc_empty_space height=&#8220;55px&#8220;][vc_row_inner][vc_column_inner width=&#8220;2\/3&#8243;][vc_column_text el_class=&#8220;blocksatz&#8220; css=&#8220;.vc_custom_1544549510745{margin-bottom: 0px !important;}&#8220;]In den vergangenen Jahren haben wir erfolgreich an verschiedenen Branchen-Wettbewerben f\u00fcr\u00a0<a title=\"Suchmaschinenoptimierung (SEO)\" href=\"https:\/\/www.omsag.de\/suchmaschinenoptimierung\/\" target=\"_blank\" rel=\"noopener noreferrer\">Suchmaschinenoptimierung (SEO)<\/a>\u00a0teilgenommen.<\/p>\n<p>Im Rahmen von <strong>SEO-Wettk\u00e4mpfen<\/strong> setzen sich die Teilnehmer mehrere Wochen oder Monate lang f\u00fcr die h\u00f6chste Sichtbarkeit und die besten Platzierungen in den Google-Suchergebnisse ein. In der Regel wird daf\u00fcr im Vorfeld ein spezieller, zu diesem Zweck erdachter Suchbegriff festgelegt, damit alle Contestants mit den gleichen Vorbedingungen starten.<\/p>\n<p>Die <strong>Teilnahme an\u00a0SEO-Contests<\/strong>\u00a0fordert fachlich, kreativ und methodisch. Kein (virtueller) Pokal ohne Branchenerfahrung, schnelles Reaktionsverm\u00f6gen und die richtige Strategie! Zudem er\u00f6ffnen uns die Wettbewerbe die Chance, eigene Produkte zu verbessern und unser dynamisches, innovatives Handeln im direkten Konkurrenzvergleich zu beweisen.<\/p>\n<p>Und nicht zu vergessen, versteht sich: Gleichzeitig bringen die Keyword-Challenges jede Menge Spa\u00df![\/vc_column_text][\/vc_column_inner][vc_column_inner width=&#8220;1\/3&#8243;][vc_single_image image=&#8220;89855&#8243; img_size=&#8220;full&#8220; alignment=&#8220;center&#8220; el_class=&#8220;wettbewerb-image&#8220; css=&#8220;.vc_custom_1542281849632{margin-top: 55px !important;}&#8220;][\/vc_column_inner][\/vc_row_inner][\/vc_column][\/vc_row][mk_page_section bg_image=&#8220;https:\/\/www.omsag.de\/proxy\/wp-content\/uploads\/2018\/06\/test-bg-section1.jpg&#8220; enable_3d=&#8220;true&#8220; video_color_mask=&#8220;#292f37&#8243; video_opacity=&#8220;0.88&#8243; padding_top=&#8220;50&#8243; padding_bottom=&#8220;50&#8243; visibility=&#8220;visible-dt&#8220; sidebar=&#8220;sidebar-1&#8243;][vc_column css=&#8220;.vc_custom_1537946394304{padding-right: 20px !important;padding-left: 20px !important;}&#8220;][vc_row_inner][vc_column_inner][vc_empty_space][vc_single_image image=&#8220;90607&#8243; img_size=&#8220;full&#8220; alignment=&#8220;center&#8220; css_animation=&#8220;zoomIn&#8220;][\/vc_column_inner][\/vc_row_inner][\/vc_column][\/mk_page_section][mk_page_section bg_repeat=&#8220;no-repeat&#8220; padding_top=&#8220;50&#8243; padding_bottom=&#8220;50&#8243; sidebar=&#8220;sidebar-1&#8243;][vc_column][vc_custom_heading text=&#8220;SEO-Contest-Erfolge&#8220; font_container=&#8220;tag:h2|text_align:center&#8220; use_theme_fonts=&#8220;yes&#8220; css=&#8220;.vc_custom_1542283119635{padding-bottom: 0px !important;}&#8220;][vc_single_image image=&#8220;90452&#8243; img_size=&#8220;full&#8220; alignment=&#8220;center&#8220; css=&#8220;.vc_custom_1539333938886{margin-bottom: 3px !important;}&#8220;][vc_column_text align=&#8220;center&#8220; css=&#8220;.vc_custom_1542283110986{margin-bottom: 0px !important;}&#8220;]<strong>Neben unseren Qualit\u00e4tssiegeln, Zertifikaten sowie Partner- und Mitgliedschaften sind auch unsere Wettbewerbserfolge Indiz f\u00fcr die Leistungsst\u00e4rken und Fortschrittlichkeit unserer SEO-Expertenteams.<\/strong>[\/vc_column_text][\/vc_column][\/mk_page_section][vc_row equal_columns=&#8220;true&#8220;][vc_column width=&#8220;1\/2&#8243; el_class=&#8220;boxnopadding&#8220;][mk_custom_box padding_horizental=&#8220;35&#8243; margin_bottom=&#8220;25&#8243; min_height=&#8220;403&#8243; animation=&#8220;fade-in&#8220; el_class=&#8220;nohover sem-lei-1&#8243;][vc_column_text align=&#8220;center&#8220; css=&#8220;.vc_custom_1542292670933{margin-bottom: 20px !important;}&#8220;]\n<p style=\"text-align: center;\"><span class=\"livicon-evo\" data-options=\"name:trophy.svg; style:lines; size:60px; strokeColor:#c0c0c0; animated:false\"><\/span>\n[\/vc_column_text][vc_custom_heading text=&#8220;2. Platz XOVI-SEO-Contest&#8220; font_container=&#8220;tag:h3|font_size:25|text_align:center&#8220; use_theme_fonts=&#8220;yes&#8220; el_class=&#8220;uppercase&#8220;][vc_column_text el_class=&#8220;blocksatz&#8220; css=&#8220;.vc_custom_1544549551667{margin-bottom: 0px !important;}&#8220;]\n<p class=\"Absatz\" style=\"text-align: center;\">2014 gingen wir im Rennen um die Keyword-Challenge <a href=\"https:\/\/www.xovi.de\/xovilichter\/\" target=\"_blank\" rel=\"noopener noreferrer\">Xovilichter<\/a> im Wettbewerb von XOVI als Zweitplatzierter \u00fcber die Ziellinie. In diesem Wettbewerb konnten wir unser in vielen Jahren aufgebautes Know-how in Sachen Search-Engine-Optimierung \u2013 sowohl was Onsite als auch Offsite betrifft \u2013 mit gro\u00dfem Erfolg anwenden.<\/p>\n[\/vc_column_text][vc_single_image image=&#8220;92252&#8243; img_size=&#8220;83&#215;83&#8243; alignment=&#8220;center&#8220; css=&#8220;.vc_custom_1544549436968{margin-top: 25px !important;}&#8220;][\/mk_custom_box][\/vc_column][vc_column width=&#8220;1\/2&#8243; el_class=&#8220;boxnopadding&#8220;][mk_custom_box padding_horizental=&#8220;35&#8243; margin_bottom=&#8220;25&#8243; min_height=&#8220;403&#8243; animation=&#8220;fade-in&#8220; el_class=&#8220;nohover sem-lei-2&#8243;][vc_column_text align=&#8220;center&#8220; css=&#8220;.vc_custom_1542292529336{margin-bottom: 20px !important;}&#8220;]\n<p style=\"text-align: center;\"><span class=\"livicon-evo\" data-options=\"name:trophy.svg; style:lines; size:60px; strokeColor:#d4af37; animated:false\"><\/span>\n[\/vc_column_text][vc_custom_heading text=&#8220;SEO-Kanzler 2013 &#8211; \u00d6sterreich&#8220; font_container=&#8220;tag:h3|font_size:25|text_align:center&#8220; use_theme_fonts=&#8220;yes&#8220; el_class=&#8220;uppercase&#8220;][vc_column_text el_class=&#8220;blocksatz&#8220; css=&#8220;.vc_custom_1544549565145{margin-bottom: 0px !important;}&#8220;]\n<p class=\"Absatz\" style=\"text-align: center;\">Er wurde im Vorfeld angek\u00fcndigt als &#8222;der gr\u00f6\u00dfte SEO Contest aller Zeiten&#8220;: der deutsch-\u00f6sterreichische &#8222;SEO Kanzler&#8220;-Wettkampf, ein Partner-Event der Salzburger SEO-Konferenz <a href=\"https:\/\/www.seokomm.at\" target=\"_blank\" rel=\"noopener noreferrer\">SEOkomm<\/a> und der K\u00f6lner Online-Marketing-Konferenz <a href=\"https:\/\/www.seo-day.de\/der-groesste-seo-contest-aller-zeiten-with-the-power-of-seokomm-und-seo-day.html\" target=\"_blank\" rel=\"noopener noreferrer\">SEO-DAY<\/a>. Das Ergebnis: Die OMSAG wurde 2013 zum offiziellen SEO-Kanzler von \u00d6sterreich ernannt!<\/p>\n[\/vc_column_text][vc_single_image image=&#8220;92251&#8243; img_size=&#8220;83&#215;83&#8243; alignment=&#8220;center&#8220; css=&#8220;.vc_custom_1544549007712{margin-top: 25px !important;}&#8220;][\/mk_custom_box][\/vc_column][\/vc_row][vc_row equal_columns=&#8220;true&#8220;][vc_column width=&#8220;1\/2&#8243; el_class=&#8220;boxnopadding&#8220;][mk_custom_box padding_horizental=&#8220;35&#8243; margin_bottom=&#8220;25&#8243; min_height=&#8220;403&#8243; animation=&#8220;fade-in&#8220; el_class=&#8220;nohover sem-lei-3&#8243;][vc_column_text align=&#8220;center&#8220; css=&#8220;.vc_custom_1542292551967{margin-bottom: 20px !important;}&#8220;]\n<p style=\"text-align: center;\"><span class=\"livicon-evo\" data-options=\"name:trophy.svg; style:lines; size:60px; strokeColor:#c0c0c0; animated:false\"><\/span>\n[\/vc_column_text][vc_custom_heading text=&#8220;SEO-Kanzler 2013 &#8211; Deutschland&#8220; font_container=&#8220;tag:h3|font_size:25|text_align:center&#8220; use_theme_fonts=&#8220;yes&#8220; el_class=&#8220;uppercase&#8220;][vc_column_text el_class=&#8220;blocksatz&#8220; css=&#8220;.vc_custom_1544549576331{margin-bottom: 0px !important;}&#8220;]\n<p class=\"Absatz\" style=\"text-align: center;\">Bei dem deutsch-\u00f6sterreichischen &#8222;SEO Kanzler&#8220;-Wettkampf von\u00a0<a href=\"https:\/\/www.seokomm.at\" target=\"_blank\" rel=\"noopener noreferrer\">SEOkomm<\/a> und <a href=\"https:\/\/www.seo-day.de\/der-groesste-seo-contest-aller-zeiten-with-the-power-of-seokomm-und-seo-day.html\" target=\"_blank\" rel=\"noopener noreferrer\">SEO-DAY<\/a>\u00a0h\u00e4tten wir beinahe auch\u00a0den deutschen SEO-Kanzlertitel geholt. Hier mussten wir uns zum Schluss aber &#8222;nur&#8220; mit der Silber-Medaille begn\u00fcgen: F\u00fcr die Auswertungsregion Google Deutschland gingen wir bei dem Contest als der deutsche SEO-Vizekanzler hervor.<\/p>\n[\/vc_column_text][vc_empty_space height=&#8220;20px&#8220;][vc_single_image image=&#8220;92251&#8243; img_size=&#8220;83&#215;83&#8243; alignment=&#8220;center&#8220; css=&#8220;.vc_custom_1544549014772{margin-top: 25px !important;}&#8220;][\/mk_custom_box][\/vc_column][vc_column width=&#8220;1\/2&#8243; el_class=&#8220;boxnopadding&#8220;][mk_custom_box padding_horizental=&#8220;35&#8243; margin_bottom=&#8220;25&#8243; min_height=&#8220;403&#8243; animation=&#8220;fade-in&#8220; el_class=&#8220;nohover sem-lei-4&#8243;][vc_column_text align=&#8220;center&#8220; css=&#8220;.vc_custom_1542292578662{margin-bottom: 20px !important;}&#8220;]\n<p style=\"text-align: center;\"><span class=\"livicon-evo\" data-options=\"name:trophy.svg; style:lines; size:60px; strokeColor:#cd7f32; animated:false\"><\/span>\n[\/vc_column_text][vc_custom_heading text=&#8220;Megaabstauberseo-Contest&#8220; font_container=&#8220;tag:h3|font_size:25|text_align:center&#8220; use_theme_fonts=&#8220;yes&#8220; el_class=&#8220;uppercase&#8220;][vc_column_text el_class=&#8220;blocksatz&#8220; css=&#8220;.vc_custom_1544549586685{margin-bottom: 0px !important;}&#8220;]\n<p class=\"Absatz\" style=\"text-align: center;\">Der agentur\u00fcbergreifende\u00a0<a href=\"https:\/\/www.seo-day.de\/seo-contest-der-megaabstauberseo-raumt-richtig-ab.html\" target=\"_blank\" rel=\"noopener noreferrer\">Megaabstauberseo-Wettkampf<\/a> fand 2012 statt und wurde im Vorfeld des damaligen SEO DAY ausgerufen. Die OMSAG nahm Teil und belegte den 4. Platz mit einer kreativ gestalteten Unterseite auf unserer Website und zus\u00e4tzlich den 9. Platz mit einer optimierten Pressenachricht, die wir einen Tag zuvor publiziert hatten.<\/p>\n[\/vc_column_text][vc_single_image image=&#8220;92263&#8243; img_size=&#8220;127&#215;83&#8243; alignment=&#8220;center&#8220; css=&#8220;.vc_custom_1544534651281{margin-top: 45px !important;}&#8220;][\/mk_custom_box][\/vc_column][\/vc_row][mk_page_section top_shadow=&#8220;true&#8220; sidebar=&#8220;sidebar-1&#8243;][vc_column][\/vc_column][\/mk_page_section][vc_row fullwidth=&#8220;true&#8220; css=&#8220;.vc_custom_1540814432505{padding-top: 50px !important;}&#8220;][vc_column][vc_raw_html]JTVCcGFydG5lci1zbGlkZXIlNUQ=[\/vc_raw_html][vc_raw_html]JTVCY29udGFjdC1mb3JtLTclMjBpZCUzRCUyMjk2NDkxJTIyJTIwdGl0bGUlM0QlMjJQb3BVcCUyMEZvcm11bGFyJTIyJTVE[\/vc_raw_html][\/vc_column][\/vc_row]\n<\/div>","protected":false},"excerpt":{"rendered":"<p>[mk_page_section bg_image=&#8220;https:\/\/www.omsag.de\/proxy\/wp-content\/uploads\/2018\/09\/breadcrumb-bg.jpg&#8220; enable_3d=&#8220;true&#8220; padding_top=&#8220;50&#8243; padding_bottom=&#8220;0&#8243; has_bottom_shape_divider=&#8220;true&#8220; sidebar=&#8220;sidebar-1&#8243;][vc_column][vc_custom_heading text=&#8220;SEO-Wettbewerbe&#8220; font_container=&#8220;tag:h2|text_align:center|color:%23ffffff&#8220; use_theme_fonts=&#8220;yes&#8220;][\/vc_column][\/mk_page_section][vc_row css=&#8220;.vc_custom_1537950184079{margin-bottom: 0px !important;padding-top: 50px !important;padding-bottom: 50px !important;}&#8220;][vc_column][vc_custom_heading text=&#8220;Erfolge der OMSAG in SEO-Wettbewerben&#8220; font_container=&#8220;tag:h1|text_align:center&#8220; use_theme_fonts=&#8220;yes&#8220; css=&#8220;.vc_custom_1539333930613{padding-bottom: 0px !important;}&#8220;][vc_single_image image=&#8220;90452&#8243; img_size=&#8220;full&#8220; alignment=&#8220;center&#8220; css=&#8220;.vc_custom_1539333901785{margin-bottom: 3px !important;}&#8220;][vc_empty_space height=&#8220;55px&#8220;][vc_row_inner][vc_column_inner width=&#8220;2\/3&#8243;][vc_column_text el_class=&#8220;blocksatz&#8220; css=&#8220;.vc_custom_1544549510745{margin-bottom: 0px !important;}&#8220;]In den vergangenen Jahren haben wir erfolgreich an verschiedenen Branchen-Wettbewerben f\u00fcr\u00a0Suchmaschinenoptimierung (SEO)\u00a0teilgenommen. Im Rahmen von SEO-Wettk\u00e4mpfen setzen [&hellip;]<\/p>\n","protected":false},"author":1,"featured_media":0,"parent":0,"menu_order":0,"comment_status":"closed","ping_status":"closed","template":"","meta":{"content-type":"","footnotes":""},"yoast_head":"<!-- This site is optimized with the Yoast SEO plugin v22.8 - https:\/\/yoast.com\/wordpress\/plugins\/seo\/ -->\n<title>Online Marketing Solutions AG - Ihr mehrfacher SEO-Contest-Preistr\u00e4ger<\/title>\n<meta name=\"description\" content=\"SEO-Wettk\u00e4mpfe &amp; Keyword-Challenges: Bestaunen Sie die bisherigen Contest-Erfolge der OMSAG! Vier Troph\u00e4en ? als Beweise f\u00fcr langj\u00e4hriges Know-how\" \/>\n<meta name=\"robots\" content=\"index, follow, max-snippet:-1, max-image-preview:large, max-video-preview:-1\" \/>\n<link rel=\"canonical\" href=\"https:\/\/www.omsag.de\/proxy\/seo-wettbewerbe\/\" \/>\n<meta property=\"og:locale\" content=\"de_DE\" \/>\n<meta property=\"og:type\" content=\"article\" \/>\n<meta property=\"og:title\" content=\"Online Marketing Solutions AG - Ihr mehrfacher SEO-Contest-Preistr\u00e4ger\" \/>\n<meta property=\"og:description\" content=\"SEO-Wettk\u00e4mpfe und Keyword-Challenges: Bestaunen Sie die bisherigen Contest-Erfolge der OMSAG! Wir beweisen, dass sich langj\u00e4hriges Know-how bew\u00e4hrt\" \/>\n<meta property=\"og:url\" content=\"https:\/\/www.omsag.de\/proxy\/seo-wettbewerbe\/\" \/>\n<meta property=\"og:site_name\" content=\"Online Marketing &amp; Suchmaschinenmarketing Agentur OMSAG\" \/>\n<meta property=\"article:publisher\" content=\"https:\/\/www.facebook.com\/Online.Marketing.Solutions.AG\" \/>\n<meta property=\"article:modified_time\" content=\"2023-05-24T09:26:43+00:00\" \/>\n<meta property=\"og:image\" content=\"https:\/\/www.omsag.de\/proxy\/wp-content\/uploads\/2018\/11\/omsag-logo_social-media.png\" \/>\n\t<meta property=\"og:image:width\" content=\"638\" \/>\n\t<meta property=\"og:image:height\" content=\"221\" \/>\n\t<meta property=\"og:image:type\" content=\"image\/png\" \/>\n<meta name=\"twitter:card\" content=\"summary_large_image\" \/>\n<meta name=\"twitter:title\" content=\"Online Marketing Solutions AG - Ihr mehrfacher SEO-Contest-Preistr\u00e4ger\" \/>\n<meta name=\"twitter:description\" content=\"SEO-Wettk\u00e4mpfe und Keyword-Challenges: Bestaunen Sie die bisherigen Contest-Erfolge der OMSAG! Wir beweisen, dass sich langj\u00e4hriges Know-how bew\u00e4hrt\" \/>\n<meta name=\"twitter:image\" content=\"https:\/\/www.omsag.de\/proxy\/wp-content\/uploads\/2018\/11\/omsag-logo_social-media.png\" \/>\n<meta name=\"twitter:label1\" content=\"Gesch\u00e4tzte Lesezeit\" \/>\n\t<meta name=\"twitter:data1\" content=\"4\u00a0Minuten\" \/>\n<script type=\"application\/ld+json\" class=\"yoast-schema-graph\">{\"@context\":\"https:\/\/schema.org\",\"@graph\":[{\"@type\":\"WebPage\",\"@id\":\"https:\/\/www.omsag.de\/proxy\/seo-wettbewerbe\/\",\"url\":\"https:\/\/www.omsag.de\/proxy\/seo-wettbewerbe\/\",\"name\":\"Online Marketing Solutions AG - Ihr mehrfacher SEO-Contest-Preistr\u00e4ger\",\"isPartOf\":{\"@id\":\"https:\/\/www.omsag.de\/proxy\/#website\"},\"datePublished\":\"2018-09-26T08:15:04+00:00\",\"dateModified\":\"2023-05-24T09:26:43+00:00\",\"description\":\"SEO-Wettk\u00e4mpfe & Keyword-Challenges: Bestaunen Sie die bisherigen Contest-Erfolge der OMSAG! Vier Troph\u00e4en ? als Beweise f\u00fcr langj\u00e4hriges Know-how\",\"breadcrumb\":{\"@id\":\"https:\/\/www.omsag.de\/proxy\/seo-wettbewerbe\/#breadcrumb\"},\"inLanguage\":\"de\",\"potentialAction\":[{\"@type\":\"ReadAction\",\"target\":[\"https:\/\/www.omsag.de\/proxy\/seo-wettbewerbe\/\"]}]},{\"@type\":\"BreadcrumbList\",\"@id\":\"https:\/\/www.omsag.de\/proxy\/seo-wettbewerbe\/#breadcrumb\",\"itemListElement\":[{\"@type\":\"ListItem\",\"position\":1,\"name\":\"Startseite\",\"item\":\"https:\/\/www.omsag.de\/proxy\/\"},{\"@type\":\"ListItem\",\"position\":2,\"name\":\"SEO Wettbewerbe\"}]},{\"@type\":\"WebSite\",\"@id\":\"https:\/\/www.omsag.de\/proxy\/#website\",\"url\":\"https:\/\/www.omsag.de\/proxy\/\",\"name\":\"Online Marketing & Suchmaschinenmarketing Agentur OMSAG\",\"description\":\"\",\"publisher\":{\"@id\":\"https:\/\/www.omsag.de\/proxy\/#organization\"},\"potentialAction\":[{\"@type\":\"SearchAction\",\"target\":{\"@type\":\"EntryPoint\",\"urlTemplate\":\"https:\/\/www.omsag.de\/proxy\/?s={search_term_string}\"},\"query-input\":\"required name=search_term_string\"}],\"inLanguage\":\"de\"},{\"@type\":\"Organization\",\"@id\":\"https:\/\/www.omsag.de\/proxy\/#organization\",\"name\":\"OMSAG\",\"url\":\"https:\/\/www.omsag.de\/proxy\/\",\"logo\":{\"@type\":\"ImageObject\",\"inLanguage\":\"de\",\"@id\":\"https:\/\/www.omsag.de\/proxy\/#\/schema\/logo\/image\/\",\"url\":\"https:\/\/www.omsag.de\/proxy\/wp-content\/uploads\/2020\/08\/oms-logo-1.jpg\",\"contentUrl\":\"https:\/\/www.omsag.de\/proxy\/wp-content\/uploads\/2020\/08\/oms-logo-1.jpg\",\"width\":500,\"height\":148,\"caption\":\"OMSAG\"},\"image\":{\"@id\":\"https:\/\/www.omsag.de\/proxy\/#\/schema\/logo\/image\/\"},\"sameAs\":[\"https:\/\/www.facebook.com\/Online.Marketing.Solutions.AG\",\"https:\/\/www.instagram.com\/omsag\/\",\"https:\/\/de.linkedin.com\/company\/online-marketing-solutions-ag\"]}]}<\/script>\n<!-- \/ Yoast SEO plugin. -->","yoast_head_json":{"title":"Online Marketing Solutions AG - Ihr mehrfacher SEO-Contest-Preistr\u00e4ger","description":"SEO-Wettk\u00e4mpfe & Keyword-Challenges: Bestaunen Sie die bisherigen Contest-Erfolge der OMSAG! Vier Troph\u00e4en ? als Beweise f\u00fcr langj\u00e4hriges Know-how","robots":{"index":"index","follow":"follow","max-snippet":"max-snippet:-1","max-image-preview":"max-image-preview:large","max-video-preview":"max-video-preview:-1"},"canonical":"https:\/\/www.omsag.de\/proxy\/seo-wettbewerbe\/","og_locale":"de_DE","og_type":"article","og_title":"Online Marketing Solutions AG - Ihr mehrfacher SEO-Contest-Preistr\u00e4ger","og_description":"SEO-Wettk\u00e4mpfe und Keyword-Challenges: Bestaunen Sie die bisherigen Contest-Erfolge der OMSAG! Wir beweisen, dass sich langj\u00e4hriges Know-how bew\u00e4hrt","og_url":"https:\/\/www.omsag.de\/proxy\/seo-wettbewerbe\/","og_site_name":"Online Marketing &amp; Suchmaschinenmarketing Agentur OMSAG","article_publisher":"https:\/\/www.facebook.com\/Online.Marketing.Solutions.AG","article_modified_time":"2023-05-24T09:26:43+00:00","og_image":[{"width":638,"height":221,"url":"https:\/\/www.omsag.de\/proxy\/wp-content\/uploads\/2018\/11\/omsag-logo_social-media.png","type":"image\/png"}],"twitter_card":"summary_large_image","twitter_title":"Online Marketing Solutions AG - Ihr mehrfacher SEO-Contest-Preistr\u00e4ger","twitter_description":"SEO-Wettk\u00e4mpfe und Keyword-Challenges: Bestaunen Sie die bisherigen Contest-Erfolge der OMSAG! Wir beweisen, dass sich langj\u00e4hriges Know-how bew\u00e4hrt","twitter_image":"https:\/\/www.omsag.de\/proxy\/wp-content\/uploads\/2018\/11\/omsag-logo_social-media.png","twitter_misc":{"Gesch\u00e4tzte Lesezeit":"4\u00a0Minuten"},"schema":{"@context":"https:\/\/schema.org","@graph":[{"@type":"WebPage","@id":"https:\/\/www.omsag.de\/proxy\/seo-wettbewerbe\/","url":"https:\/\/www.omsag.de\/proxy\/seo-wettbewerbe\/","name":"Online Marketing Solutions AG - Ihr mehrfacher SEO-Contest-Preistr\u00e4ger","isPartOf":{"@id":"https:\/\/www.omsag.de\/proxy\/#website"},"datePublished":"2018-09-26T08:15:04+00:00","dateModified":"2023-05-24T09:26:43+00:00","description":"SEO-Wettk\u00e4mpfe & Keyword-Challenges: Bestaunen Sie die bisherigen Contest-Erfolge der OMSAG! Vier Troph\u00e4en ? als Beweise f\u00fcr langj\u00e4hriges Know-how","breadcrumb":{"@id":"https:\/\/www.omsag.de\/proxy\/seo-wettbewerbe\/#breadcrumb"},"inLanguage":"de","potentialAction":[{"@type":"ReadAction","target":["https:\/\/www.omsag.de\/proxy\/seo-wettbewerbe\/"]}]},{"@type":"BreadcrumbList","@id":"https:\/\/www.omsag.de\/proxy\/seo-wettbewerbe\/#breadcrumb","itemListElement":[{"@type":"ListItem","position":1,"name":"Startseite","item":"https:\/\/www.omsag.de\/proxy\/"},{"@type":"ListItem","position":2,"name":"SEO Wettbewerbe"}]},{"@type":"WebSite","@id":"https:\/\/www.omsag.de\/proxy\/#website","url":"https:\/\/www.omsag.de\/proxy\/","name":"Online Marketing & Suchmaschinenmarketing Agentur OMSAG","description":"","publisher":{"@id":"https:\/\/www.omsag.de\/proxy\/#organization"},"potentialAction":[{"@type":"SearchAction","target":{"@type":"EntryPoint","urlTemplate":"https:\/\/www.omsag.de\/proxy\/?s={search_term_string}"},"query-input":"required name=search_term_string"}],"inLanguage":"de"},{"@type":"Organization","@id":"https:\/\/www.omsag.de\/proxy\/#organization","name":"OMSAG","url":"https:\/\/www.omsag.de\/proxy\/","logo":{"@type":"ImageObject","inLanguage":"de","@id":"https:\/\/www.omsag.de\/proxy\/#\/schema\/logo\/image\/","url":"https:\/\/www.omsag.de\/proxy\/wp-content\/uploads\/2020\/08\/oms-logo-1.jpg","contentUrl":"https:\/\/www.omsag.de\/proxy\/wp-content\/uploads\/2020\/08\/oms-logo-1.jpg","width":500,"height":148,"caption":"OMSAG"},"image":{"@id":"https:\/\/www.omsag.de\/proxy\/#\/schema\/logo\/image\/"},"sameAs":["https:\/\/www.facebook.com\/Online.Marketing.Solutions.AG","https:\/\/www.instagram.com\/omsag\/","https:\/\/de.linkedin.com\/company\/online-marketing-solutions-ag"]}]}},"_links":{"self":[{"href":"https:\/\/www.omsag.de\/proxy\/wp-json\/wp\/v2\/pages\/89526"}],"collection":[{"href":"https:\/\/www.omsag.de\/proxy\/wp-json\/wp\/v2\/pages"}],"about":[{"href":"https:\/\/www.omsag.de\/proxy\/wp-json\/wp\/v2\/types\/page"}],"author":[{"embeddable":true,"href":"https:\/\/www.omsag.de\/proxy\/wp-json\/wp\/v2\/users\/1"}],"replies":[{"embeddable":true,"href":"https:\/\/www.omsag.de\/proxy\/wp-json\/wp\/v2\/comments?post=89526"}],"version-history":[{"count":0,"href":"https:\/\/www.omsag.de\/proxy\/wp-json\/wp\/v2\/pages\/89526\/revisions"}],"wp:attachment":[{"href":"https:\/\/www.omsag.de\/proxy\/wp-json\/wp\/v2\/media?parent=89526"}],"curies":[{"name":"wp","href":"https:\/\/api.w.org\/{rel}","templated":true}]}}